{"id":5666,"date":"2023-06-21T14:40:36","date_gmt":"2023-06-21T14:40:36","guid":{"rendered":"http:\/\/www.soukfellah.com\/en\/?post_type=product&#038;p=5666"},"modified":"2023-06-22T01:03:37","modified_gmt":"2023-06-22T01:03:37","slug":"agritech","status":"publish","type":"product","link":"https:\/\/soukfellah.webminds.dz\/ar\/product\/agritech\/","title":{"rendered":"Agritech"},"content":{"rendered":"","protected":false},"excerpt":{"rendered":"<p>Notre syst\u00e8me de serre agricole repose sur une approche novatrice visant \u00e0 maximiser les rendements tout en assurant une utilisation efficace des ressources. Nous mettons en \u0153uvre des techniques avanc\u00e9es telles que l&rsquo;irrigation contr\u00f4l\u00e9e, qui nous permet d&rsquo;optimiser l&rsquo;utilisation de l&rsquo;eau en fournissant aux plantes la quantit\u00e9 exacte dont elles ont besoin. Gr\u00e2ce \u00e0 l&rsquo;int\u00e9gration de capteurs d&rsquo;humidit\u00e9 du sol et de syst\u00e8mes de contr\u00f4le automatis\u00e9s, nous pouvons g\u00e9rer de mani\u00e8re pr\u00e9cise et efficace l&rsquo;irrigation, minimisant ainsi les pertes d&rsquo;eau et maximisant son utilisation. Cette approche contribue non seulement \u00e0 des \u00e9conomies d&rsquo;eau significatives, mais aussi \u00e0 une croissance optimale des plantes et \u00e0 des rendements agricoles am\u00e9lior\u00e9s. En adoptant une approche durable, notre syst\u00e8me de serre agricole permet de pr\u00e9server les ressources en eau et de minimiser l&rsquo;impact sur l&rsquo;environnement, tout en renfor\u00e7ant la r\u00e9silience du secteur agricole face aux d\u00e9fis actuels.<\/p>","protected":false},"featured_media":5665,"template":"","meta":{"_acf_changed":false,"site-sidebar-layout":"default","site-content-layout":"","ast-site-content-layout":"default","site-content-style":"default","site-sidebar-style":"default","ast-global-header-display":"","ast-banner-title-visibility":"","ast-main-header-display":"","ast-hfb-above-header-display":"","ast-hfb-below-header-display":"","ast-hfb-mobile-header-display":"","site-post-title":"","ast-breadcrumbs-content":"","ast-featured-img":"","footer-sml-layout":"","theme-transparent-header-meta":"","adv-header-id-meta":"","stick-header-meta":"","header-above-stick-meta":"","header-main-stick-meta":"","header-below-stick-meta":"","astra-migrate-meta-layouts":"default","ast-page-background-enabled":"default","ast-page-background-meta":{"desktop":{"background-color":"","background-image":"","background-repeat":"repeat","background-position":"center center","background-size":"auto","background-attachment":"scroll","background-type":"","background-media":"","overlay-type":"","overlay-color":"","overlay-opacity":"","overlay-gradient":""},"tablet":{"background-color":"","background-image":"","background-repeat":"repeat","background-position":"center center","background-size":"auto","background-attachment":"scroll","background-type":"","background-media":"","overlay-type":"","overlay-color":"","overlay-opacity":"","overlay-gradient":""},"mobile":{"background-color":"","background-image":"","background-repeat":"repeat","background-position":"center center","background-size":"auto","background-attachment":"scroll","background-type":"","background-media":"","overlay-type":"","overlay-color":"","overlay-opacity":"","overlay-gradient":""}},"ast-content-background-meta":{"desktop":{"background-color":"var(--ast-global-color-5)","background-image":"","background-repeat":"repeat","background-position":"center center","background-size":"auto","background-attachment":"scroll","background-type":"","background-media":"","overlay-type":"","overlay-color":"","overlay-opacity":"","overlay-gradient":""},"tablet":{"background-color":"var(--ast-global-color-5)","background-image":"","background-repeat":"repeat","background-position":"center center","background-size":"auto","background-attachment":"scroll","background-type":"","background-media":"","overlay-type":"","overlay-color":"","overlay-opacity":"","overlay-gradient":""},"mobile":{"background-color":"var(--ast-global-color-5)","background-image":"","background-repeat":"repeat","background-position":"center center","background-size":"auto","background-attachment":"scroll","background-type":"","background-media":"","overlay-type":"","overlay-color":"","overlay-opacity":"","overlay-gradient":""}},"iawp_total_views":0},"product_brand":[],"product_cat":[56],"product_tag":[],"class_list":{"0":"post-5666","1":"product","2":"type-product","3":"status-publish","4":"has-post-thumbnail","6":"product_cat-nouvelles-technologies","7":"desktop-align-center","8":"tablet-align-center","9":"mobile-align-center","11":"first","12":"instock","13":"shipping-taxable","14":"product-type-simple"},"acf":[],"yoast_head":"<!-- This site is optimized with the Yoast SEO plugin v26.2 - https:\/\/yoast.com\/wordpress\/plugins\/seo\/ -->\n<title>Agritech - Soukfellah<\/title>\n<meta name=\"robots\" content=\"index, follow, max-snippet:-1, max-image-preview:large, max-video-preview:-1\" \/>\n<link rel=\"canonical\" href=\"https:\/\/soukfellah.webminds.dz\/ar\/product\/agritech\/\" \/>\n<meta property=\"og:locale\" content=\"ar_AR\" \/>\n<meta property=\"og:type\" content=\"article\" \/>\n<meta property=\"og:title\" content=\"Agritech - Soukfellah\" \/>\n<meta property=\"og:description\" content=\"Notre syst\u00e8me de serre agricole repose sur une approche novatrice visant \u00e0 maximiser les rendements tout en assurant une utilisation efficace des ressources. Nous mettons en \u0153uvre des techniques avanc\u00e9es telles que l&#039;irrigation contr\u00f4l\u00e9e, qui nous permet d&#039;optimiser l&#039;utilisation de l&#039;eau en fournissant aux plantes la quantit\u00e9 exacte dont elles ont besoin. Gr\u00e2ce \u00e0 l&#039;int\u00e9gration de capteurs d&#039;humidit\u00e9 du sol et de syst\u00e8mes de contr\u00f4le automatis\u00e9s, nous pouvons g\u00e9rer de mani\u00e8re pr\u00e9cise et efficace l&#039;irrigation, minimisant ainsi les pertes d&#039;eau et maximisant son utilisation. Cette approche contribue non seulement \u00e0 des \u00e9conomies d&#039;eau significatives, mais aussi \u00e0 une croissance optimale des plantes et \u00e0 des rendements agricoles am\u00e9lior\u00e9s. En adoptant une approche durable, notre syst\u00e8me de serre agricole permet de pr\u00e9server les ressources en eau et de minimiser l&#039;impact sur l&#039;environnement, tout en renfor\u00e7ant la r\u00e9silience du secteur agricole face aux d\u00e9fis actuels.\" \/>\n<meta property=\"og:url\" content=\"https:\/\/soukfellah.webminds.dz\/ar\/product\/agritech\/\" \/>\n<meta property=\"og:site_name\" content=\"Soukfellah\" \/>\n<meta property=\"article:publisher\" content=\"https:\/\/www.facebook.com\/Soukfellah213\" \/>\n<meta property=\"article:modified_time\" content=\"2023-06-22T01:03:37+00:00\" \/>\n<meta property=\"og:image\" content=\"https:\/\/soukfellah.webminds.dz\/wp-content\/uploads\/2023\/06\/image_2023-06-21_153903545.png\" \/>\n\t<meta property=\"og:image:width\" content=\"780\" \/>\n\t<meta property=\"og:image:height\" content=\"1688\" \/>\n\t<meta property=\"og:image:type\" content=\"image\/png\" \/>\n<meta name=\"twitter:card\" content=\"summary_large_image\" \/>\n<script type=\"application\/ld+json\" class=\"yoast-schema-graph\">{\"@context\":\"https:\/\/schema.org\",\"@graph\":[{\"@type\":\"WebPage\",\"@id\":\"https:\/\/soukfellah.webminds.dz\/produit\/agritech\/\",\"url\":\"https:\/\/soukfellah.webminds.dz\/produit\/agritech\/\",\"name\":\"Agritech - Soukfellah\",\"isPartOf\":{\"@id\":\"https:\/\/soukfellah.webminds.dz\/ar\/#website\"},\"primaryImageOfPage\":{\"@id\":\"https:\/\/soukfellah.webminds.dz\/produit\/agritech\/#primaryimage\"},\"image\":{\"@id\":\"https:\/\/soukfellah.webminds.dz\/produit\/agritech\/#primaryimage\"},\"thumbnailUrl\":\"https:\/\/soukfellah.webminds.dz\/wp-content\/uploads\/2023\/06\/image_2023-06-21_153903545.png\",\"datePublished\":\"2023-06-21T14:40:36+00:00\",\"dateModified\":\"2023-06-22T01:03:37+00:00\",\"breadcrumb\":{\"@id\":\"https:\/\/soukfellah.webminds.dz\/produit\/agritech\/#breadcrumb\"},\"inLanguage\":\"ar\",\"potentialAction\":[{\"@type\":\"ReadAction\",\"target\":[\"https:\/\/soukfellah.webminds.dz\/produit\/agritech\/\"]}]},{\"@type\":\"ImageObject\",\"inLanguage\":\"ar\",\"@id\":\"https:\/\/soukfellah.webminds.dz\/produit\/agritech\/#primaryimage\",\"url\":\"https:\/\/soukfellah.webminds.dz\/wp-content\/uploads\/2023\/06\/image_2023-06-21_153903545.png\",\"contentUrl\":\"https:\/\/soukfellah.webminds.dz\/wp-content\/uploads\/2023\/06\/image_2023-06-21_153903545.png\",\"width\":780,\"height\":1688},{\"@type\":\"BreadcrumbList\",\"@id\":\"https:\/\/soukfellah.webminds.dz\/produit\/agritech\/#breadcrumb\",\"itemListElement\":[{\"@type\":\"ListItem\",\"position\":1,\"name\":\"Accueil\",\"item\":\"https:\/\/soukfellah.webminds.dz\/ar\/\"},{\"@type\":\"ListItem\",\"position\":2,\"name\":\"Annonces\",\"item\":\"https:\/\/soukfellah.webminds.dz\/en\/shop\/\"},{\"@type\":\"ListItem\",\"position\":3,\"name\":\"Agritech\"}]},{\"@type\":\"WebSite\",\"@id\":\"https:\/\/soukfellah.webminds.dz\/ar\/#website\",\"url\":\"https:\/\/soukfellah.webminds.dz\/ar\/\",\"name\":\"Soukfellah\",\"description\":\"Soukfellah\",\"publisher\":{\"@id\":\"https:\/\/soukfellah.webminds.dz\/ar\/#organization\"},\"potentialAction\":[{\"@type\":\"SearchAction\",\"target\":{\"@type\":\"EntryPoint\",\"urlTemplate\":\"https:\/\/soukfellah.webminds.dz\/ar\/?s={search_term_string}\"},\"query-input\":{\"@type\":\"PropertyValueSpecification\",\"valueRequired\":true,\"valueName\":\"search_term_string\"}}],\"inLanguage\":\"ar\"},{\"@type\":\"Organization\",\"@id\":\"https:\/\/soukfellah.webminds.dz\/ar\/#organization\",\"name\":\"Soukfellah\",\"url\":\"https:\/\/soukfellah.webminds.dz\/ar\/\",\"logo\":{\"@type\":\"ImageObject\",\"inLanguage\":\"ar\",\"@id\":\"https:\/\/soukfellah.webminds.dz\/ar\/#\/schema\/logo\/image\/\",\"url\":\"https:\/\/soukfellah.webminds.dz\/wp-content\/uploads\/2021\/03\/Sans-titre-2.png\",\"contentUrl\":\"https:\/\/soukfellah.webminds.dz\/wp-content\/uploads\/2021\/03\/Sans-titre-2.png\",\"width\":270,\"height\":224,\"caption\":\"Soukfellah\"},\"image\":{\"@id\":\"https:\/\/soukfellah.webminds.dz\/ar\/#\/schema\/logo\/image\/\"},\"sameAs\":[\"https:\/\/www.facebook.com\/Soukfellah213\"]}]}<\/script>\n<!-- \/ Yoast SEO plugin. -->","yoast_head_json":{"title":"Agritech - Soukfellah","robots":{"index":"index","follow":"follow","max-snippet":"max-snippet:-1","max-image-preview":"max-image-preview:large","max-video-preview":"max-video-preview:-1"},"canonical":"https:\/\/soukfellah.webminds.dz\/ar\/product\/agritech\/","og_locale":"ar_AR","og_type":"article","og_title":"Agritech - Soukfellah","og_description":"Notre syst\u00e8me de serre agricole repose sur une approche novatrice visant \u00e0 maximiser les rendements tout en assurant une utilisation efficace des ressources. Nous mettons en \u0153uvre des techniques avanc\u00e9es telles que l'irrigation contr\u00f4l\u00e9e, qui nous permet d'optimiser l'utilisation de l'eau en fournissant aux plantes la quantit\u00e9 exacte dont elles ont besoin. Gr\u00e2ce \u00e0 l'int\u00e9gration de capteurs d'humidit\u00e9 du sol et de syst\u00e8mes de contr\u00f4le automatis\u00e9s, nous pouvons g\u00e9rer de mani\u00e8re pr\u00e9cise et efficace l'irrigation, minimisant ainsi les pertes d'eau et maximisant son utilisation. Cette approche contribue non seulement \u00e0 des \u00e9conomies d'eau significatives, mais aussi \u00e0 une croissance optimale des plantes et \u00e0 des rendements agricoles am\u00e9lior\u00e9s. En adoptant une approche durable, notre syst\u00e8me de serre agricole permet de pr\u00e9server les ressources en eau et de minimiser l'impact sur l'environnement, tout en renfor\u00e7ant la r\u00e9silience du secteur agricole face aux d\u00e9fis actuels.","og_url":"https:\/\/soukfellah.webminds.dz\/ar\/product\/agritech\/","og_site_name":"Soukfellah","article_publisher":"https:\/\/www.facebook.com\/Soukfellah213","article_modified_time":"2023-06-22T01:03:37+00:00","og_image":[{"width":780,"height":1688,"url":"https:\/\/soukfellah.webminds.dz\/wp-content\/uploads\/2023\/06\/image_2023-06-21_153903545.png","type":"image\/png"}],"twitter_card":"summary_large_image","schema":{"@context":"https:\/\/schema.org","@graph":[{"@type":"WebPage","@id":"https:\/\/soukfellah.webminds.dz\/produit\/agritech\/","url":"https:\/\/soukfellah.webminds.dz\/produit\/agritech\/","name":"Agritech - Soukfellah","isPartOf":{"@id":"https:\/\/soukfellah.webminds.dz\/ar\/#website"},"primaryImageOfPage":{"@id":"https:\/\/soukfellah.webminds.dz\/produit\/agritech\/#primaryimage"},"image":{"@id":"https:\/\/soukfellah.webminds.dz\/produit\/agritech\/#primaryimage"},"thumbnailUrl":"https:\/\/soukfellah.webminds.dz\/wp-content\/uploads\/2023\/06\/image_2023-06-21_153903545.png","datePublished":"2023-06-21T14:40:36+00:00","dateModified":"2023-06-22T01:03:37+00:00","breadcrumb":{"@id":"https:\/\/soukfellah.webminds.dz\/produit\/agritech\/#breadcrumb"},"inLanguage":"ar","potentialAction":[{"@type":"ReadAction","target":["https:\/\/soukfellah.webminds.dz\/produit\/agritech\/"]}]},{"@type":"ImageObject","inLanguage":"ar","@id":"https:\/\/soukfellah.webminds.dz\/produit\/agritech\/#primaryimage","url":"https:\/\/soukfellah.webminds.dz\/wp-content\/uploads\/2023\/06\/image_2023-06-21_153903545.png","contentUrl":"https:\/\/soukfellah.webminds.dz\/wp-content\/uploads\/2023\/06\/image_2023-06-21_153903545.png","width":780,"height":1688},{"@type":"BreadcrumbList","@id":"https:\/\/soukfellah.webminds.dz\/produit\/agritech\/#breadcrumb","itemListElement":[{"@type":"ListItem","position":1,"name":"Accueil","item":"https:\/\/soukfellah.webminds.dz\/ar\/"},{"@type":"ListItem","position":2,"name":"Annonces","item":"https:\/\/soukfellah.webminds.dz\/en\/shop\/"},{"@type":"ListItem","position":3,"name":"Agritech"}]},{"@type":"WebSite","@id":"https:\/\/soukfellah.webminds.dz\/ar\/#website","url":"https:\/\/soukfellah.webminds.dz\/ar\/","name":"\u0633\u0648\u0642 \u0641\u0644\u0627\u062d","description":"\u0633\u0648\u0642 \u0641\u0644\u0627\u062d","publisher":{"@id":"https:\/\/soukfellah.webminds.dz\/ar\/#organization"},"potentialAction":[{"@type":"SearchAction","target":{"@type":"EntryPoint","urlTemplate":"https:\/\/soukfellah.webminds.dz\/ar\/?s={search_term_string}"},"query-input":{"@type":"PropertyValueSpecification","valueRequired":true,"valueName":"search_term_string"}}],"inLanguage":"ar"},{"@type":"Organization","@id":"https:\/\/soukfellah.webminds.dz\/ar\/#organization","name":"\u0633\u0648\u0642 \u0641\u0644\u0627\u062d","url":"https:\/\/soukfellah.webminds.dz\/ar\/","logo":{"@type":"ImageObject","inLanguage":"ar","@id":"https:\/\/soukfellah.webminds.dz\/ar\/#\/schema\/logo\/image\/","url":"https:\/\/soukfellah.webminds.dz\/wp-content\/uploads\/2021\/03\/Sans-titre-2.png","contentUrl":"https:\/\/soukfellah.webminds.dz\/wp-content\/uploads\/2021\/03\/Sans-titre-2.png","width":270,"height":224,"caption":"Soukfellah"},"image":{"@id":"https:\/\/soukfellah.webminds.dz\/ar\/#\/schema\/logo\/image\/"},"sameAs":["https:\/\/www.facebook.com\/Soukfellah213"]}]}},"_links":{"self":[{"href":"https:\/\/soukfellah.webminds.dz\/ar\/wp-json\/wp\/v2\/product\/5666","targetHints":{"allow":["GET"]}}],"collection":[{"href":"https:\/\/soukfellah.webminds.dz\/ar\/wp-json\/wp\/v2\/product"}],"about":[{"href":"https:\/\/soukfellah.webminds.dz\/ar\/wp-json\/wp\/v2\/types\/product"}],"wp:featuredmedia":[{"embeddable":true,"href":"https:\/\/soukfellah.webminds.dz\/ar\/wp-json\/wp\/v2\/media\/5665"}],"wp:attachment":[{"href":"https:\/\/soukfellah.webminds.dz\/ar\/wp-json\/wp\/v2\/media?parent=5666"}],"wp:term":[{"taxonomy":"product_brand","embeddable":true,"href":"https:\/\/soukfellah.webminds.dz\/ar\/wp-json\/wp\/v2\/product_brand?post=5666"},{"taxonomy":"product_cat","embeddable":true,"href":"https:\/\/soukfellah.webminds.dz\/ar\/wp-json\/wp\/v2\/product_cat?post=5666"},{"taxonomy":"product_tag","embeddable":true,"href":"https:\/\/soukfellah.webminds.dz\/ar\/wp-json\/wp\/v2\/product_tag?post=5666"}],"curies":[{"name":"wp","href":"https:\/\/api.w.org\/{rel}","templated":true}]}}