{"id":5634,"date":"2023-06-01T09:34:53","date_gmt":"2023-06-01T09:34:53","guid":{"rendered":"https:\/\/www.soukfellah.com\/?post_type=product&#038;p=5634"},"modified":"2023-06-03T00:37:39","modified_gmt":"2023-06-03T00:37:39","slug":"plante-de-fruit-de-dragon","status":"publish","type":"product","link":"https:\/\/soukfellah.webminds.dz\/ar\/product\/plante-de-fruit-de-dragon\/","title":{"rendered":"Plante de fruit de dragon"},"content":{"rendered":"<p class=\"MsoNormal\" style=\"text-align: justify\" align=\"justify\"><span style=\"font-family: \u5b8b\u4f53;font-size: 10.5000pt\"><span style=\"font-family: Calibri\">pour ce fruit, il ne peut pas resister inferieur de 0 degre, meme superieur de 40 degres, sinon il va arreter la croissance.<\/span><\/span><\/p>\n<p class=\"MsoNormal\" style=\"text-align: justify\" align=\"justify\"><span style=\"font-family: \u5b8b\u4f53;font-size: 10.5000pt\"><span style=\"font-family: Calibri\">Pour le sol, il ne faut pas trop ferme et lourd, la racine de dragon fait l<\/span><\/span><span style=\"font-family: Calibri;font-size: 10.5000pt\">\u2019<\/span><span style=\"font-family: \u5b8b\u4f53;font-size: 10.5000pt\"><span style=\"font-family: Calibri\">extension sans profondeur, meme la racine veut bien respirer, il faut faire entrer de l<\/span><\/span><span style=\"font-family: Calibri;font-size: 10.5000pt\">\u2019<\/span><span style=\"font-family: \u5b8b\u4f53;font-size: 10.5000pt\"><span style=\"font-family: Calibri\">air, meme quand on plante les dragons, entre 5cm et 10 cm, ca suffit.<\/span><\/span><\/p>\n<p class=\"MsoNormal\" style=\"text-align: justify\" align=\"justify\"><span style=\"font-family: \u5b8b\u4f53;font-size: 10.5000pt\"><span style=\"font-family: Calibri\">\u00a0on a mis le systeme de coude a coude pour arroser, le dragon est un famille de cactus, mais il a besoin beaucoup de l<\/span><\/span><span style=\"font-family: Calibri;font-size: 10.5000pt\">\u2019<\/span><span style=\"font-family: \u5b8b\u4f53;font-size: 10.5000pt\"><span style=\"font-family: Calibri\">eau. Apres la floraison, il faut arroser une fois chaque trois jours.<\/span><\/span><\/p>\n<p class=\"MsoNormal\" style=\"text-align: justify\" align=\"justify\"><span style=\"font-family: \u5b8b\u4f53;font-size: 10.5000pt\"><span style=\"font-family: Calibri\">Pour bien alimenter le dragon, on donne aussi le fumier naturel, par exemple, le fumier de vache et mouton.<\/span><\/span><\/p>","protected":false},"excerpt":{"rendered":"<p>Le pitaya est fruit des r\u00e9gions tropicales,appel\u00e9 _fruit du dragon_<br \/>\nIl est riche en valeur nutritiveet dot\u00e9 d\u2019antioxydants.<br \/>\nRiche en fibre,le pitaya permet de r\u00e9guler certaines troubles de l\u2019appareil digestif,notamment la constipation .il facilite le transi des aliments au niveau de l\u2019intenstin.<\/p>","protected":false},"featured_media":5632,"template":"","meta":{"_acf_changed":false,"site-sidebar-layout":"default","site-content-layout":"","ast-site-content-layout":"default","site-content-style":"default","site-sidebar-style":"default","ast-global-header-display":"","ast-banner-title-visibility":"","ast-main-header-display":"","ast-hfb-above-header-display":"","ast-hfb-below-header-display":"","ast-hfb-mobile-header-display":"","site-post-title":"","ast-breadcrumbs-content":"","ast-featured-img":"","footer-sml-layout":"","theme-transparent-header-meta":"","adv-header-id-meta":"","stick-header-meta":"","header-above-stick-meta":"","header-main-stick-meta":"","header-below-stick-meta":"","astra-migrate-meta-layouts":"default","ast-page-background-enabled":"default","ast-page-background-meta":{"desktop":{"background-color":"","background-image":"","background-repeat":"repeat","background-position":"center center","background-size":"auto","background-attachment":"scroll","background-type":"","background-media":"","overlay-type":"","overlay-color":"","overlay-opacity":"","overlay-gradient":""},"tablet":{"background-color":"","background-image":"","background-repeat":"repeat","background-position":"center center","background-size":"auto","background-attachment":"scroll","background-type":"","background-media":"","overlay-type":"","overlay-color":"","overlay-opacity":"","overlay-gradient":""},"mobile":{"background-color":"","background-image":"","background-repeat":"repeat","background-position":"center center","background-size":"auto","background-attachment":"scroll","background-type":"","background-media":"","overlay-type":"","overlay-color":"","overlay-opacity":"","overlay-gradient":""}},"ast-content-background-meta":{"desktop":{"background-color":"var(--ast-global-color-5)","background-image":"","background-repeat":"repeat","background-position":"center center","background-size":"auto","background-attachment":"scroll","background-type":"","background-media":"","overlay-type":"","overlay-color":"","overlay-opacity":"","overlay-gradient":""},"tablet":{"background-color":"var(--ast-global-color-5)","background-image":"","background-repeat":"repeat","background-position":"center center","background-size":"auto","background-attachment":"scroll","background-type":"","background-media":"","overlay-type":"","overlay-color":"","overlay-opacity":"","overlay-gradient":""},"mobile":{"background-color":"var(--ast-global-color-5)","background-image":"","background-repeat":"repeat","background-position":"center center","background-size":"auto","background-attachment":"scroll","background-type":"","background-media":"","overlay-type":"","overlay-color":"","overlay-opacity":"","overlay-gradient":""}},"iawp_total_views":56},"product_brand":[],"product_cat":[63],"product_tag":[],"class_list":{"0":"post-5634","1":"product","2":"type-product","3":"status-publish","4":"has-post-thumbnail","6":"product_cat-semences-plants","7":"desktop-align-center","8":"tablet-align-center","9":"mobile-align-center","11":"first","12":"instock","13":"sale","14":"sold-individually","15":"shipping-taxable","16":"purchasable","17":"product-type-simple"},"acf":[],"yoast_head":"<!-- This site is optimized with the Yoast SEO plugin v26.2 - https:\/\/yoast.com\/wordpress\/plugins\/seo\/ -->\n<title>Plante de fruit de dragon - Soukfellah<\/title>\n<meta name=\"robots\" content=\"index, follow, max-snippet:-1, max-image-preview:large, max-video-preview:-1\" \/>\n<link rel=\"canonical\" href=\"https:\/\/soukfellah.webminds.dz\/ar\/product\/plante-de-fruit-de-dragon\/\" \/>\n<meta property=\"og:locale\" content=\"ar_AR\" \/>\n<meta property=\"og:type\" content=\"article\" \/>\n<meta property=\"og:title\" content=\"Plante de fruit de dragon - Soukfellah\" \/>\n<meta property=\"og:description\" content=\"Le pitaya est fruit des r\u00e9gions tropicales,appel\u00e9 _fruit du dragon_ Il est riche en valeur nutritiveet dot\u00e9 d\u2019antioxydants. Riche en fibre,le pitaya permet de r\u00e9guler certaines troubles de l\u2019appareil digestif,notamment la constipation .il facilite le transi des aliments au niveau de l\u2019intenstin.\" \/>\n<meta property=\"og:url\" content=\"https:\/\/soukfellah.webminds.dz\/ar\/product\/plante-de-fruit-de-dragon\/\" \/>\n<meta property=\"og:site_name\" content=\"Soukfellah\" \/>\n<meta property=\"article:publisher\" content=\"https:\/\/www.facebook.com\/Soukfellah213\" \/>\n<meta property=\"article:modified_time\" content=\"2023-06-03T00:37:39+00:00\" \/>\n<meta property=\"og:image\" content=\"https:\/\/soukfellah.webminds.dz\/wp-content\/uploads\/2023\/06\/\u6253\u5305\u706b\u9f99\u679c\u82d7-2-scaled.jpg\" \/>\n\t<meta property=\"og:image:width\" content=\"1920\" \/>\n\t<meta property=\"og:image:height\" content=\"2560\" \/>\n\t<meta property=\"og:image:type\" content=\"image\/jpeg\" \/>\n<meta name=\"twitter:card\" content=\"summary_large_image\" \/>\n<meta name=\"twitter:label1\" content=\"\u0648\u0642\u062a \u0627\u0644\u0642\u0631\u0627\u0621\u0629 \u0627\u0644\u0645\u064f\u0642\u062f\u0651\u0631\" \/>\n\t<meta name=\"twitter:data1\" content=\"\u062f\u0642\u064a\u0642\u0629 \u0648\u0627\u062d\u062f\u0629\" \/>\n<script type=\"application\/ld+json\" class=\"yoast-schema-graph\">{\"@context\":\"https:\/\/schema.org\",\"@graph\":[{\"@type\":\"WebPage\",\"@id\":\"https:\/\/soukfellah.webminds.dz\/produit\/plante-de-fruit-de-dragon\/\",\"url\":\"https:\/\/soukfellah.webminds.dz\/produit\/plante-de-fruit-de-dragon\/\",\"name\":\"Plante de fruit de dragon - Soukfellah\",\"isPartOf\":{\"@id\":\"https:\/\/soukfellah.webminds.dz\/ar\/#website\"},\"primaryImageOfPage\":{\"@id\":\"https:\/\/soukfellah.webminds.dz\/produit\/plante-de-fruit-de-dragon\/#primaryimage\"},\"image\":{\"@id\":\"https:\/\/soukfellah.webminds.dz\/produit\/plante-de-fruit-de-dragon\/#primaryimage\"},\"thumbnailUrl\":\"https:\/\/soukfellah.webminds.dz\/wp-content\/uploads\/2023\/06\/\u6253\u5305\u706b\u9f99\u679c\u82d7-2-scaled.jpg\",\"datePublished\":\"2023-06-01T09:34:53+00:00\",\"dateModified\":\"2023-06-03T00:37:39+00:00\",\"breadcrumb\":{\"@id\":\"https:\/\/soukfellah.webminds.dz\/produit\/plante-de-fruit-de-dragon\/#breadcrumb\"},\"inLanguage\":\"ar\",\"potentialAction\":[{\"@type\":\"ReadAction\",\"target\":[\"https:\/\/soukfellah.webminds.dz\/produit\/plante-de-fruit-de-dragon\/\"]}]},{\"@type\":\"ImageObject\",\"inLanguage\":\"ar\",\"@id\":\"https:\/\/soukfellah.webminds.dz\/produit\/plante-de-fruit-de-dragon\/#primaryimage\",\"url\":\"https:\/\/soukfellah.webminds.dz\/wp-content\/uploads\/2023\/06\/\u6253\u5305\u706b\u9f99\u679c\u82d7-2-scaled.jpg\",\"contentUrl\":\"https:\/\/soukfellah.webminds.dz\/wp-content\/uploads\/2023\/06\/\u6253\u5305\u706b\u9f99\u679c\u82d7-2-scaled.jpg\",\"width\":1920,\"height\":2560},{\"@type\":\"BreadcrumbList\",\"@id\":\"https:\/\/soukfellah.webminds.dz\/produit\/plante-de-fruit-de-dragon\/#breadcrumb\",\"itemListElement\":[{\"@type\":\"ListItem\",\"position\":1,\"name\":\"Accueil\",\"item\":\"https:\/\/soukfellah.webminds.dz\/ar\/\"},{\"@type\":\"ListItem\",\"position\":2,\"name\":\"Annonces\",\"item\":\"https:\/\/soukfellah.webminds.dz\/en\/shop\/\"},{\"@type\":\"ListItem\",\"position\":3,\"name\":\"Plante de fruit de dragon\"}]},{\"@type\":\"WebSite\",\"@id\":\"https:\/\/soukfellah.webminds.dz\/ar\/#website\",\"url\":\"https:\/\/soukfellah.webminds.dz\/ar\/\",\"name\":\"Soukfellah\",\"description\":\"Soukfellah\",\"publisher\":{\"@id\":\"https:\/\/soukfellah.webminds.dz\/ar\/#organization\"},\"potentialAction\":[{\"@type\":\"SearchAction\",\"target\":{\"@type\":\"EntryPoint\",\"urlTemplate\":\"https:\/\/soukfellah.webminds.dz\/ar\/?s={search_term_string}\"},\"query-input\":{\"@type\":\"PropertyValueSpecification\",\"valueRequired\":true,\"valueName\":\"search_term_string\"}}],\"inLanguage\":\"ar\"},{\"@type\":\"Organization\",\"@id\":\"https:\/\/soukfellah.webminds.dz\/ar\/#organization\",\"name\":\"Soukfellah\",\"url\":\"https:\/\/soukfellah.webminds.dz\/ar\/\",\"logo\":{\"@type\":\"ImageObject\",\"inLanguage\":\"ar\",\"@id\":\"https:\/\/soukfellah.webminds.dz\/ar\/#\/schema\/logo\/image\/\",\"url\":\"https:\/\/soukfellah.webminds.dz\/wp-content\/uploads\/2021\/03\/Sans-titre-2.png\",\"contentUrl\":\"https:\/\/soukfellah.webminds.dz\/wp-content\/uploads\/2021\/03\/Sans-titre-2.png\",\"width\":270,\"height\":224,\"caption\":\"Soukfellah\"},\"image\":{\"@id\":\"https:\/\/soukfellah.webminds.dz\/ar\/#\/schema\/logo\/image\/\"},\"sameAs\":[\"https:\/\/www.facebook.com\/Soukfellah213\"]}]}<\/script>\n<!-- \/ Yoast SEO plugin. -->","yoast_head_json":{"title":"Plante de fruit de dragon - Soukfellah","robots":{"index":"index","follow":"follow","max-snippet":"max-snippet:-1","max-image-preview":"max-image-preview:large","max-video-preview":"max-video-preview:-1"},"canonical":"https:\/\/soukfellah.webminds.dz\/ar\/product\/plante-de-fruit-de-dragon\/","og_locale":"ar_AR","og_type":"article","og_title":"Plante de fruit de dragon - Soukfellah","og_description":"Le pitaya est fruit des r\u00e9gions tropicales,appel\u00e9 _fruit du dragon_ Il est riche en valeur nutritiveet dot\u00e9 d\u2019antioxydants. Riche en fibre,le pitaya permet de r\u00e9guler certaines troubles de l\u2019appareil digestif,notamment la constipation .il facilite le transi des aliments au niveau de l\u2019intenstin.","og_url":"https:\/\/soukfellah.webminds.dz\/ar\/product\/plante-de-fruit-de-dragon\/","og_site_name":"Soukfellah","article_publisher":"https:\/\/www.facebook.com\/Soukfellah213","article_modified_time":"2023-06-03T00:37:39+00:00","og_image":[{"width":1920,"height":2560,"url":"https:\/\/soukfellah.webminds.dz\/wp-content\/uploads\/2023\/06\/\u6253\u5305\u706b\u9f99\u679c\u82d7-2-scaled.jpg","type":"image\/jpeg"}],"twitter_card":"summary_large_image","twitter_misc":{"\u0648\u0642\u062a \u0627\u0644\u0642\u0631\u0627\u0621\u0629 \u0627\u0644\u0645\u064f\u0642\u062f\u0651\u0631":"\u062f\u0642\u064a\u0642\u0629 \u0648\u0627\u062d\u062f\u0629"},"schema":{"@context":"https:\/\/schema.org","@graph":[{"@type":"WebPage","@id":"https:\/\/soukfellah.webminds.dz\/produit\/plante-de-fruit-de-dragon\/","url":"https:\/\/soukfellah.webminds.dz\/produit\/plante-de-fruit-de-dragon\/","name":"Plante de fruit de dragon - Soukfellah","isPartOf":{"@id":"https:\/\/soukfellah.webminds.dz\/ar\/#website"},"primaryImageOfPage":{"@id":"https:\/\/soukfellah.webminds.dz\/produit\/plante-de-fruit-de-dragon\/#primaryimage"},"image":{"@id":"https:\/\/soukfellah.webminds.dz\/produit\/plante-de-fruit-de-dragon\/#primaryimage"},"thumbnailUrl":"https:\/\/soukfellah.webminds.dz\/wp-content\/uploads\/2023\/06\/\u6253\u5305\u706b\u9f99\u679c\u82d7-2-scaled.jpg","datePublished":"2023-06-01T09:34:53+00:00","dateModified":"2023-06-03T00:37:39+00:00","breadcrumb":{"@id":"https:\/\/soukfellah.webminds.dz\/produit\/plante-de-fruit-de-dragon\/#breadcrumb"},"inLanguage":"ar","potentialAction":[{"@type":"ReadAction","target":["https:\/\/soukfellah.webminds.dz\/produit\/plante-de-fruit-de-dragon\/"]}]},{"@type":"ImageObject","inLanguage":"ar","@id":"https:\/\/soukfellah.webminds.dz\/produit\/plante-de-fruit-de-dragon\/#primaryimage","url":"https:\/\/soukfellah.webminds.dz\/wp-content\/uploads\/2023\/06\/\u6253\u5305\u706b\u9f99\u679c\u82d7-2-scaled.jpg","contentUrl":"https:\/\/soukfellah.webminds.dz\/wp-content\/uploads\/2023\/06\/\u6253\u5305\u706b\u9f99\u679c\u82d7-2-scaled.jpg","width":1920,"height":2560},{"@type":"BreadcrumbList","@id":"https:\/\/soukfellah.webminds.dz\/produit\/plante-de-fruit-de-dragon\/#breadcrumb","itemListElement":[{"@type":"ListItem","position":1,"name":"Accueil","item":"https:\/\/soukfellah.webminds.dz\/ar\/"},{"@type":"ListItem","position":2,"name":"Annonces","item":"https:\/\/soukfellah.webminds.dz\/en\/shop\/"},{"@type":"ListItem","position":3,"name":"Plante de fruit de dragon"}]},{"@type":"WebSite","@id":"https:\/\/soukfellah.webminds.dz\/ar\/#website","url":"https:\/\/soukfellah.webminds.dz\/ar\/","name":"\u0633\u0648\u0642 \u0641\u0644\u0627\u062d","description":"\u0633\u0648\u0642 \u0641\u0644\u0627\u062d","publisher":{"@id":"https:\/\/soukfellah.webminds.dz\/ar\/#organization"},"potentialAction":[{"@type":"SearchAction","target":{"@type":"EntryPoint","urlTemplate":"https:\/\/soukfellah.webminds.dz\/ar\/?s={search_term_string}"},"query-input":{"@type":"PropertyValueSpecification","valueRequired":true,"valueName":"search_term_string"}}],"inLanguage":"ar"},{"@type":"Organization","@id":"https:\/\/soukfellah.webminds.dz\/ar\/#organization","name":"\u0633\u0648\u0642 \u0641\u0644\u0627\u062d","url":"https:\/\/soukfellah.webminds.dz\/ar\/","logo":{"@type":"ImageObject","inLanguage":"ar","@id":"https:\/\/soukfellah.webminds.dz\/ar\/#\/schema\/logo\/image\/","url":"https:\/\/soukfellah.webminds.dz\/wp-content\/uploads\/2021\/03\/Sans-titre-2.png","contentUrl":"https:\/\/soukfellah.webminds.dz\/wp-content\/uploads\/2021\/03\/Sans-titre-2.png","width":270,"height":224,"caption":"Soukfellah"},"image":{"@id":"https:\/\/soukfellah.webminds.dz\/ar\/#\/schema\/logo\/image\/"},"sameAs":["https:\/\/www.facebook.com\/Soukfellah213"]}]}},"_links":{"self":[{"href":"https:\/\/soukfellah.webminds.dz\/ar\/wp-json\/wp\/v2\/product\/5634","targetHints":{"allow":["GET"]}}],"collection":[{"href":"https:\/\/soukfellah.webminds.dz\/ar\/wp-json\/wp\/v2\/product"}],"about":[{"href":"https:\/\/soukfellah.webminds.dz\/ar\/wp-json\/wp\/v2\/types\/product"}],"wp:featuredmedia":[{"embeddable":true,"href":"https:\/\/soukfellah.webminds.dz\/ar\/wp-json\/wp\/v2\/media\/5632"}],"wp:attachment":[{"href":"https:\/\/soukfellah.webminds.dz\/ar\/wp-json\/wp\/v2\/media?parent=5634"}],"wp:term":[{"taxonomy":"product_brand","embeddable":true,"href":"https:\/\/soukfellah.webminds.dz\/ar\/wp-json\/wp\/v2\/product_brand?post=5634"},{"taxonomy":"product_cat","embeddable":true,"href":"https:\/\/soukfellah.webminds.dz\/ar\/wp-json\/wp\/v2\/product_cat?post=5634"},{"taxonomy":"product_tag","embeddable":true,"href":"https:\/\/soukfellah.webminds.dz\/ar\/wp-json\/wp\/v2\/product_tag?post=5634"}],"curies":[{"name":"wp","href":"https:\/\/api.w.org\/{rel}","templated":true}]}}