{"id":5229,"date":"2022-06-19T12:12:28","date_gmt":"2022-06-19T12:12:28","guid":{"rendered":"https:\/\/www.soukfellah.com\/?post_type=product&#038;p=5229"},"modified":"2023-05-26T18:16:24","modified_gmt":"2023-05-26T18:16:24","slug":"solution-de-suivi-de-temperature-a-distance","status":"publish","type":"product","link":"https:\/\/soukfellah.webminds.dz\/ar\/product\/solution-de-suivi-de-temperature-a-distance\/","title":{"rendered":"Solution de suivi de temp\u00e9rature \u00e0 distance"},"content":{"rendered":"","protected":false},"excerpt":{"rendered":"<p>La solution Sirius iOT \u00ab Web &amp; mobile \u00bb, con\u00e7ue pour simplifier les op\u00e9rations de suivi de temp\u00e9rature et de l&rsquo;humidit\u00e9 \u00e0 distance.<br \/>\nSes principales fonctionnalit\u00e9s sont :<br \/>\n\u2022 Suivi de la temp\u00e9rature et taux d&rsquo;humidit\u00e9 en temps r\u00e9el et \u00e0 distance ;<br \/>\n\u2022 Affichage instantan\u00e9 de la temp\u00e9rature et de taux l\u2019humidit\u00e9 ;<br \/>\n\u2022 Affichage des rapports sous forme de graphe;<br \/>\n\u2022 Alerte par mail et notification;<br \/>\n\u2022 Alerte sonore en cas de non respect des normes des valeur mesur\u00e9es;<br \/>\n\u2022 D\u00e9tection d&rsquo;ouverture de porte de la cellule ou la chambre frigorifique.<br \/>\nPour plus d\u2019informations, merci de nous contacter<br \/>\nL\u2019application est disponible sur Google Play sur le lien : https:\/\/play.google.com\/store\/apps\/details<\/p>","protected":false},"featured_media":5228,"template":"","meta":{"_acf_changed":false,"site-sidebar-layout":"default","site-content-layout":"","ast-site-content-layout":"default","site-content-style":"default","site-sidebar-style":"default","ast-global-header-display":"","ast-banner-title-visibility":"","ast-main-header-display":"","ast-hfb-above-header-display":"","ast-hfb-below-header-display":"","ast-hfb-mobile-header-display":"","site-post-title":"","ast-breadcrumbs-content":"","ast-featured-img":"","footer-sml-layout":"","theme-transparent-header-meta":"","adv-header-id-meta":"","stick-header-meta":"","header-above-stick-meta":"","header-main-stick-meta":"","header-below-stick-meta":"","astra-migrate-meta-layouts":"default","ast-page-background-enabled":"default","ast-page-background-meta":{"desktop":{"background-color":"","background-image":"","background-repeat":"repeat","background-position":"center center","background-size":"auto","background-attachment":"scroll","background-type":"","background-media":"","overlay-type":"","overlay-color":"","overlay-opacity":"","overlay-gradient":""},"tablet":{"background-color":"","background-image":"","background-repeat":"repeat","background-position":"center center","background-size":"auto","background-attachment":"scroll","background-type":"","background-media":"","overlay-type":"","overlay-color":"","overlay-opacity":"","overlay-gradient":""},"mobile":{"background-color":"","background-image":"","background-repeat":"repeat","background-position":"center center","background-size":"auto","background-attachment":"scroll","background-type":"","background-media":"","overlay-type":"","overlay-color":"","overlay-opacity":"","overlay-gradient":""}},"ast-content-background-meta":{"desktop":{"background-color":"var(--ast-global-color-5)","background-image":"","background-repeat":"repeat","background-position":"center center","background-size":"auto","background-attachment":"scroll","background-type":"","background-media":"","overlay-type":"","overlay-color":"","overlay-opacity":"","overlay-gradient":""},"tablet":{"background-color":"var(--ast-global-color-5)","background-image":"","background-repeat":"repeat","background-position":"center center","background-size":"auto","background-attachment":"scroll","background-type":"","background-media":"","overlay-type":"","overlay-color":"","overlay-opacity":"","overlay-gradient":""},"mobile":{"background-color":"var(--ast-global-color-5)","background-image":"","background-repeat":"repeat","background-position":"center center","background-size":"auto","background-attachment":"scroll","background-type":"","background-media":"","overlay-type":"","overlay-color":"","overlay-opacity":"","overlay-gradient":""}},"iawp_total_views":0},"product_brand":[],"product_cat":[47],"product_tag":[],"class_list":{"0":"post-5229","1":"product","2":"type-product","3":"status-publish","4":"has-post-thumbnail","6":"product_cat-divers","7":"desktop-align-center","8":"tablet-align-center","9":"mobile-align-center","11":"first","12":"instock","13":"shipping-taxable","14":"product-type-simple"},"acf":[],"yoast_head":"<!-- This site is optimized with the Yoast SEO plugin v26.2 - https:\/\/yoast.com\/wordpress\/plugins\/seo\/ -->\n<title>Solution de suivi de temp\u00e9rature \u00e0 distance - Soukfellah<\/title>\n<meta name=\"robots\" content=\"index, follow, max-snippet:-1, max-image-preview:large, max-video-preview:-1\" \/>\n<link rel=\"canonical\" href=\"https:\/\/soukfellah.webminds.dz\/ar\/product\/solution-de-suivi-de-temperature-a-distance\/\" \/>\n<meta property=\"og:locale\" content=\"ar_AR\" \/>\n<meta property=\"og:type\" content=\"article\" \/>\n<meta property=\"og:title\" content=\"Solution de suivi de temp\u00e9rature \u00e0 distance - Soukfellah\" \/>\n<meta property=\"og:description\" content=\"La solution Sirius iOT \u00ab Web &amp; mobile \u00bb, con\u00e7ue pour simplifier les op\u00e9rations de suivi de temp\u00e9rature et de l&#039;humidit\u00e9 \u00e0 distance. Ses principales fonctionnalit\u00e9s sont : \u2022 Suivi de la temp\u00e9rature et taux d&#039;humidit\u00e9 en temps r\u00e9el et \u00e0 distance ; \u2022 Affichage instantan\u00e9 de la temp\u00e9rature et de taux l\u2019humidit\u00e9 ; \u2022 Affichage des rapports sous forme de graphe; \u2022 Alerte par mail et notification; \u2022 Alerte sonore en cas de non respect des normes des valeur mesur\u00e9es;  \u2022 D\u00e9tection d&#039;ouverture de porte de la cellule ou la chambre frigorifique. Pour plus d\u2019informations, merci de nous contacter L\u2019application est disponible sur Google Play sur le lien : https:\/\/play.google.com\/store\/apps\/details\" \/>\n<meta property=\"og:url\" content=\"https:\/\/soukfellah.webminds.dz\/ar\/product\/solution-de-suivi-de-temperature-a-distance\/\" \/>\n<meta property=\"og:site_name\" content=\"Soukfellah\" \/>\n<meta property=\"article:publisher\" content=\"https:\/\/www.facebook.com\/Soukfellah213\" \/>\n<meta property=\"article:modified_time\" content=\"2023-05-26T18:16:24+00:00\" \/>\n<meta property=\"og:image\" content=\"https:\/\/soukfellah.webminds.dz\/wp-content\/uploads\/2022\/06\/S-iOT-maquette.png\" \/>\n\t<meta property=\"og:image:width\" content=\"1587\" \/>\n\t<meta property=\"og:image:height\" content=\"2245\" \/>\n\t<meta property=\"og:image:type\" content=\"image\/png\" \/>\n<meta name=\"twitter:card\" content=\"summary_large_image\" \/>\n<script type=\"application\/ld+json\" class=\"yoast-schema-graph\">{\"@context\":\"https:\/\/schema.org\",\"@graph\":[{\"@type\":\"WebPage\",\"@id\":\"https:\/\/soukfellah.webminds.dz\/ar\/product\/solution-de-suivi-de-temperature-a-distance\/\",\"url\":\"https:\/\/soukfellah.webminds.dz\/ar\/product\/solution-de-suivi-de-temperature-a-distance\/\",\"name\":\"Solution de suivi de temp\u00e9rature \u00e0 distance - Soukfellah\",\"isPartOf\":{\"@id\":\"https:\/\/soukfellah.webminds.dz\/ar\/#website\"},\"primaryImageOfPage\":{\"@id\":\"https:\/\/soukfellah.webminds.dz\/ar\/product\/solution-de-suivi-de-temperature-a-distance\/#primaryimage\"},\"image\":{\"@id\":\"https:\/\/soukfellah.webminds.dz\/ar\/product\/solution-de-suivi-de-temperature-a-distance\/#primaryimage\"},\"thumbnailUrl\":\"https:\/\/soukfellah.webminds.dz\/wp-content\/uploads\/2022\/06\/S-iOT-maquette.png\",\"datePublished\":\"2022-06-19T12:12:28+00:00\",\"dateModified\":\"2023-05-26T18:16:24+00:00\",\"breadcrumb\":{\"@id\":\"https:\/\/soukfellah.webminds.dz\/ar\/product\/solution-de-suivi-de-temperature-a-distance\/#breadcrumb\"},\"inLanguage\":\"ar\",\"potentialAction\":[{\"@type\":\"ReadAction\",\"target\":[\"https:\/\/soukfellah.webminds.dz\/ar\/product\/solution-de-suivi-de-temperature-a-distance\/\"]}]},{\"@type\":\"ImageObject\",\"inLanguage\":\"ar\",\"@id\":\"https:\/\/soukfellah.webminds.dz\/ar\/product\/solution-de-suivi-de-temperature-a-distance\/#primaryimage\",\"url\":\"https:\/\/soukfellah.webminds.dz\/wp-content\/uploads\/2022\/06\/S-iOT-maquette.png\",\"contentUrl\":\"https:\/\/soukfellah.webminds.dz\/wp-content\/uploads\/2022\/06\/S-iOT-maquette.png\",\"width\":1587,\"height\":2245},{\"@type\":\"BreadcrumbList\",\"@id\":\"https:\/\/soukfellah.webminds.dz\/ar\/product\/solution-de-suivi-de-temperature-a-distance\/#breadcrumb\",\"itemListElement\":[{\"@type\":\"ListItem\",\"position\":1,\"name\":\"Accueil\",\"item\":\"https:\/\/soukfellah.webminds.dz\/ar\/\"},{\"@type\":\"ListItem\",\"position\":2,\"name\":\"Annonces\",\"item\":\"https:\/\/soukfellah.webminds.dz\/en\/shop\/\"},{\"@type\":\"ListItem\",\"position\":3,\"name\":\"Solution de suivi de temp\u00e9rature \u00e0 distance\"}]},{\"@type\":\"WebSite\",\"@id\":\"https:\/\/soukfellah.webminds.dz\/ar\/#website\",\"url\":\"https:\/\/soukfellah.webminds.dz\/ar\/\",\"name\":\"Soukfellah\",\"description\":\"Soukfellah\",\"publisher\":{\"@id\":\"https:\/\/soukfellah.webminds.dz\/ar\/#organization\"},\"potentialAction\":[{\"@type\":\"SearchAction\",\"target\":{\"@type\":\"EntryPoint\",\"urlTemplate\":\"https:\/\/soukfellah.webminds.dz\/ar\/?s={search_term_string}\"},\"query-input\":{\"@type\":\"PropertyValueSpecification\",\"valueRequired\":true,\"valueName\":\"search_term_string\"}}],\"inLanguage\":\"ar\"},{\"@type\":\"Organization\",\"@id\":\"https:\/\/soukfellah.webminds.dz\/ar\/#organization\",\"name\":\"Soukfellah\",\"url\":\"https:\/\/soukfellah.webminds.dz\/ar\/\",\"logo\":{\"@type\":\"ImageObject\",\"inLanguage\":\"ar\",\"@id\":\"https:\/\/soukfellah.webminds.dz\/ar\/#\/schema\/logo\/image\/\",\"url\":\"https:\/\/soukfellah.webminds.dz\/wp-content\/uploads\/2021\/03\/Sans-titre-2.png\",\"contentUrl\":\"https:\/\/soukfellah.webminds.dz\/wp-content\/uploads\/2021\/03\/Sans-titre-2.png\",\"width\":270,\"height\":224,\"caption\":\"Soukfellah\"},\"image\":{\"@id\":\"https:\/\/soukfellah.webminds.dz\/ar\/#\/schema\/logo\/image\/\"},\"sameAs\":[\"https:\/\/www.facebook.com\/Soukfellah213\"]}]}<\/script>\n<!-- \/ Yoast SEO plugin. -->","yoast_head_json":{"title":"Solution de suivi de temp\u00e9rature \u00e0 distance - Soukfellah","robots":{"index":"index","follow":"follow","max-snippet":"max-snippet:-1","max-image-preview":"max-image-preview:large","max-video-preview":"max-video-preview:-1"},"canonical":"https:\/\/soukfellah.webminds.dz\/ar\/product\/solution-de-suivi-de-temperature-a-distance\/","og_locale":"ar_AR","og_type":"article","og_title":"Solution de suivi de temp\u00e9rature \u00e0 distance - Soukfellah","og_description":"La solution Sirius iOT \u00ab Web &amp; mobile \u00bb, con\u00e7ue pour simplifier les op\u00e9rations de suivi de temp\u00e9rature et de l'humidit\u00e9 \u00e0 distance. Ses principales fonctionnalit\u00e9s sont : \u2022 Suivi de la temp\u00e9rature et taux d'humidit\u00e9 en temps r\u00e9el et \u00e0 distance ; \u2022 Affichage instantan\u00e9 de la temp\u00e9rature et de taux l\u2019humidit\u00e9 ; \u2022 Affichage des rapports sous forme de graphe; \u2022 Alerte par mail et notification; \u2022 Alerte sonore en cas de non respect des normes des valeur mesur\u00e9es;  \u2022 D\u00e9tection d'ouverture de porte de la cellule ou la chambre frigorifique. Pour plus d\u2019informations, merci de nous contacter L\u2019application est disponible sur Google Play sur le lien : https:\/\/play.google.com\/store\/apps\/details","og_url":"https:\/\/soukfellah.webminds.dz\/ar\/product\/solution-de-suivi-de-temperature-a-distance\/","og_site_name":"Soukfellah","article_publisher":"https:\/\/www.facebook.com\/Soukfellah213","article_modified_time":"2023-05-26T18:16:24+00:00","og_image":[{"width":1587,"height":2245,"url":"https:\/\/soukfellah.webminds.dz\/wp-content\/uploads\/2022\/06\/S-iOT-maquette.png","type":"image\/png"}],"twitter_card":"summary_large_image","schema":{"@context":"https:\/\/schema.org","@graph":[{"@type":"WebPage","@id":"https:\/\/soukfellah.webminds.dz\/ar\/product\/solution-de-suivi-de-temperature-a-distance\/","url":"https:\/\/soukfellah.webminds.dz\/ar\/product\/solution-de-suivi-de-temperature-a-distance\/","name":"Solution de suivi de temp\u00e9rature \u00e0 distance - Soukfellah","isPartOf":{"@id":"https:\/\/soukfellah.webminds.dz\/ar\/#website"},"primaryImageOfPage":{"@id":"https:\/\/soukfellah.webminds.dz\/ar\/product\/solution-de-suivi-de-temperature-a-distance\/#primaryimage"},"image":{"@id":"https:\/\/soukfellah.webminds.dz\/ar\/product\/solution-de-suivi-de-temperature-a-distance\/#primaryimage"},"thumbnailUrl":"https:\/\/soukfellah.webminds.dz\/wp-content\/uploads\/2022\/06\/S-iOT-maquette.png","datePublished":"2022-06-19T12:12:28+00:00","dateModified":"2023-05-26T18:16:24+00:00","breadcrumb":{"@id":"https:\/\/soukfellah.webminds.dz\/ar\/product\/solution-de-suivi-de-temperature-a-distance\/#breadcrumb"},"inLanguage":"ar","potentialAction":[{"@type":"ReadAction","target":["https:\/\/soukfellah.webminds.dz\/ar\/product\/solution-de-suivi-de-temperature-a-distance\/"]}]},{"@type":"ImageObject","inLanguage":"ar","@id":"https:\/\/soukfellah.webminds.dz\/ar\/product\/solution-de-suivi-de-temperature-a-distance\/#primaryimage","url":"https:\/\/soukfellah.webminds.dz\/wp-content\/uploads\/2022\/06\/S-iOT-maquette.png","contentUrl":"https:\/\/soukfellah.webminds.dz\/wp-content\/uploads\/2022\/06\/S-iOT-maquette.png","width":1587,"height":2245},{"@type":"BreadcrumbList","@id":"https:\/\/soukfellah.webminds.dz\/ar\/product\/solution-de-suivi-de-temperature-a-distance\/#breadcrumb","itemListElement":[{"@type":"ListItem","position":1,"name":"Accueil","item":"https:\/\/soukfellah.webminds.dz\/ar\/"},{"@type":"ListItem","position":2,"name":"Annonces","item":"https:\/\/soukfellah.webminds.dz\/en\/shop\/"},{"@type":"ListItem","position":3,"name":"Solution de suivi de temp\u00e9rature \u00e0 distance"}]},{"@type":"WebSite","@id":"https:\/\/soukfellah.webminds.dz\/ar\/#website","url":"https:\/\/soukfellah.webminds.dz\/ar\/","name":"\u0633\u0648\u0642 \u0641\u0644\u0627\u062d","description":"\u0633\u0648\u0642 \u0641\u0644\u0627\u062d","publisher":{"@id":"https:\/\/soukfellah.webminds.dz\/ar\/#organization"},"potentialAction":[{"@type":"SearchAction","target":{"@type":"EntryPoint","urlTemplate":"https:\/\/soukfellah.webminds.dz\/ar\/?s={search_term_string}"},"query-input":{"@type":"PropertyValueSpecification","valueRequired":true,"valueName":"search_term_string"}}],"inLanguage":"ar"},{"@type":"Organization","@id":"https:\/\/soukfellah.webminds.dz\/ar\/#organization","name":"\u0633\u0648\u0642 \u0641\u0644\u0627\u062d","url":"https:\/\/soukfellah.webminds.dz\/ar\/","logo":{"@type":"ImageObject","inLanguage":"ar","@id":"https:\/\/soukfellah.webminds.dz\/ar\/#\/schema\/logo\/image\/","url":"https:\/\/soukfellah.webminds.dz\/wp-content\/uploads\/2021\/03\/Sans-titre-2.png","contentUrl":"https:\/\/soukfellah.webminds.dz\/wp-content\/uploads\/2021\/03\/Sans-titre-2.png","width":270,"height":224,"caption":"Soukfellah"},"image":{"@id":"https:\/\/soukfellah.webminds.dz\/ar\/#\/schema\/logo\/image\/"},"sameAs":["https:\/\/www.facebook.com\/Soukfellah213"]}]}},"_links":{"self":[{"href":"https:\/\/soukfellah.webminds.dz\/ar\/wp-json\/wp\/v2\/product\/5229","targetHints":{"allow":["GET"]}}],"collection":[{"href":"https:\/\/soukfellah.webminds.dz\/ar\/wp-json\/wp\/v2\/product"}],"about":[{"href":"https:\/\/soukfellah.webminds.dz\/ar\/wp-json\/wp\/v2\/types\/product"}],"wp:featuredmedia":[{"embeddable":true,"href":"https:\/\/soukfellah.webminds.dz\/ar\/wp-json\/wp\/v2\/media\/5228"}],"wp:attachment":[{"href":"https:\/\/soukfellah.webminds.dz\/ar\/wp-json\/wp\/v2\/media?parent=5229"}],"wp:term":[{"taxonomy":"product_brand","embeddable":true,"href":"https:\/\/soukfellah.webminds.dz\/ar\/wp-json\/wp\/v2\/product_brand?post=5229"},{"taxonomy":"product_cat","embeddable":true,"href":"https:\/\/soukfellah.webminds.dz\/ar\/wp-json\/wp\/v2\/product_cat?post=5229"},{"taxonomy":"product_tag","embeddable":true,"href":"https:\/\/soukfellah.webminds.dz\/ar\/wp-json\/wp\/v2\/product_tag?post=5229"}],"curies":[{"name":"wp","href":"https:\/\/api.w.org\/{rel}","templated":true}]}}