{"id":5123,"date":"2022-04-05T15:05:37","date_gmt":"2022-04-05T15:05:37","guid":{"rendered":"https:\/\/www.soukfellah.com\/?post_type=product&#038;p=5123"},"modified":"2022-04-08T12:14:06","modified_gmt":"2022-04-08T12:14:06","slug":"safran-zeflux-algerien-pur","status":"publish","type":"product","link":"https:\/\/soukfellah.webminds.dz\/ar\/product\/safran-zeflux-algerien-pur\/","title":{"rendered":"safran zeflux alg\u00e9rien pur"},"content":{"rendered":"","protected":false},"excerpt":{"rendered":"<p>safran alg\u00e9rien pur et organique<br \/>\ncat\u00e9gorie 1: analyse ISO3632<\/p>","protected":false},"featured_media":5122,"template":"","meta":{"_acf_changed":false,"site-sidebar-layout":"default","site-content-layout":"","ast-site-content-layout":"default","site-content-style":"default","site-sidebar-style":"default","ast-global-header-display":"","ast-banner-title-visibility":"","ast-main-header-display":"","ast-hfb-above-header-display":"","ast-hfb-below-header-display":"","ast-hfb-mobile-header-display":"","site-post-title":"","ast-breadcrumbs-content":"","ast-featured-img":"","footer-sml-layout":"","theme-transparent-header-meta":"","adv-header-id-meta":"","stick-header-meta":"","header-above-stick-meta":"","header-main-stick-meta":"","header-below-stick-meta":"","astra-migrate-meta-layouts":"default","ast-page-background-enabled":"default","ast-page-background-meta":{"desktop":{"background-color":"","background-image":"","background-repeat":"repeat","background-position":"center center","background-size":"auto","background-attachment":"scroll","background-type":"","background-media":"","overlay-type":"","overlay-color":"","overlay-opacity":"","overlay-gradient":""},"tablet":{"background-color":"","background-image":"","background-repeat":"repeat","background-position":"center center","background-size":"auto","background-attachment":"scroll","background-type":"","background-media":"","overlay-type":"","overlay-color":"","overlay-opacity":"","overlay-gradient":""},"mobile":{"background-color":"","background-image":"","background-repeat":"repeat","background-position":"center center","background-size":"auto","background-attachment":"scroll","background-type":"","background-media":"","overlay-type":"","overlay-color":"","overlay-opacity":"","overlay-gradient":""}},"ast-content-background-meta":{"desktop":{"background-color":"var(--ast-global-color-5)","background-image":"","background-repeat":"repeat","background-position":"center center","background-size":"auto","background-attachment":"scroll","background-type":"","background-media":"","overlay-type":"","overlay-color":"","overlay-opacity":"","overlay-gradient":""},"tablet":{"background-color":"var(--ast-global-color-5)","background-image":"","background-repeat":"repeat","background-position":"center center","background-size":"auto","background-attachment":"scroll","background-type":"","background-media":"","overlay-type":"","overlay-color":"","overlay-opacity":"","overlay-gradient":""},"mobile":{"background-color":"var(--ast-global-color-5)","background-image":"","background-repeat":"repeat","background-position":"center center","background-size":"auto","background-attachment":"scroll","background-type":"","background-media":"","overlay-type":"","overlay-color":"","overlay-opacity":"","overlay-gradient":""}},"iawp_total_views":215},"product_brand":[],"product_cat":[60],"product_tag":[],"class_list":{"0":"post-5123","1":"product","2":"type-product","3":"status-publish","4":"has-post-thumbnail","6":"product_cat-produits-de-terroir","7":"desktop-align-center","8":"tablet-align-center","9":"mobile-align-center","11":"first","12":"instock","13":"shipping-taxable","14":"purchasable","15":"product-type-simple"},"acf":[],"yoast_head":"<!-- This site is optimized with the Yoast SEO plugin v26.2 - https:\/\/yoast.com\/wordpress\/plugins\/seo\/ -->\n<title>safran zeflux alg\u00e9rien pur - Soukfellah<\/title>\n<meta name=\"robots\" content=\"index, follow, max-snippet:-1, max-image-preview:large, max-video-preview:-1\" \/>\n<link rel=\"canonical\" href=\"https:\/\/soukfellah.webminds.dz\/ar\/product\/safran-zeflux-algerien-pur\/\" \/>\n<meta property=\"og:locale\" content=\"ar_AR\" \/>\n<meta property=\"og:type\" content=\"article\" \/>\n<meta property=\"og:title\" content=\"safran zeflux alg\u00e9rien pur - Soukfellah\" \/>\n<meta property=\"og:description\" content=\"safran alg\u00e9rien pur et organique cat\u00e9gorie 1: analyse ISO3632\" \/>\n<meta property=\"og:url\" content=\"https:\/\/soukfellah.webminds.dz\/ar\/product\/safran-zeflux-algerien-pur\/\" \/>\n<meta property=\"og:site_name\" content=\"Soukfellah\" \/>\n<meta property=\"article:publisher\" content=\"https:\/\/www.facebook.com\/Soukfellah213\" \/>\n<meta property=\"article:modified_time\" content=\"2022-04-08T12:14:06+00:00\" \/>\n<meta property=\"og:image\" content=\"https:\/\/soukfellah.webminds.dz\/wp-content\/uploads\/2022\/04\/SAVE_20210101_184753.jpg\" \/>\n\t<meta property=\"og:image:width\" content=\"1000\" \/>\n\t<meta property=\"og:image:height\" content=\"1000\" \/>\n\t<meta property=\"og:image:type\" content=\"image\/jpeg\" \/>\n<meta name=\"twitter:card\" content=\"summary_large_image\" \/>\n<script type=\"application\/ld+json\" class=\"yoast-schema-graph\">{\"@context\":\"https:\/\/schema.org\",\"@graph\":[{\"@type\":\"WebPage\",\"@id\":\"https:\/\/soukfellah.webminds.dz\/produit\/safran-zeflux-algerien-pur\/\",\"url\":\"https:\/\/soukfellah.webminds.dz\/produit\/safran-zeflux-algerien-pur\/\",\"name\":\"safran zeflux alg\u00e9rien pur - Soukfellah\",\"isPartOf\":{\"@id\":\"https:\/\/soukfellah.webminds.dz\/ar\/#website\"},\"primaryImageOfPage\":{\"@id\":\"https:\/\/soukfellah.webminds.dz\/produit\/safran-zeflux-algerien-pur\/#primaryimage\"},\"image\":{\"@id\":\"https:\/\/soukfellah.webminds.dz\/produit\/safran-zeflux-algerien-pur\/#primaryimage\"},\"thumbnailUrl\":\"https:\/\/soukfellah.webminds.dz\/wp-content\/uploads\/2022\/04\/SAVE_20210101_184753.jpg\",\"datePublished\":\"2022-04-05T15:05:37+00:00\",\"dateModified\":\"2022-04-08T12:14:06+00:00\",\"breadcrumb\":{\"@id\":\"https:\/\/soukfellah.webminds.dz\/produit\/safran-zeflux-algerien-pur\/#breadcrumb\"},\"inLanguage\":\"ar\",\"potentialAction\":[{\"@type\":\"ReadAction\",\"target\":[\"https:\/\/soukfellah.webminds.dz\/produit\/safran-zeflux-algerien-pur\/\"]}]},{\"@type\":\"ImageObject\",\"inLanguage\":\"ar\",\"@id\":\"https:\/\/soukfellah.webminds.dz\/produit\/safran-zeflux-algerien-pur\/#primaryimage\",\"url\":\"https:\/\/soukfellah.webminds.dz\/wp-content\/uploads\/2022\/04\/SAVE_20210101_184753.jpg\",\"contentUrl\":\"https:\/\/soukfellah.webminds.dz\/wp-content\/uploads\/2022\/04\/SAVE_20210101_184753.jpg\",\"width\":1000,\"height\":1000},{\"@type\":\"BreadcrumbList\",\"@id\":\"https:\/\/soukfellah.webminds.dz\/produit\/safran-zeflux-algerien-pur\/#breadcrumb\",\"itemListElement\":[{\"@type\":\"ListItem\",\"position\":1,\"name\":\"Accueil\",\"item\":\"https:\/\/soukfellah.webminds.dz\/ar\/\"},{\"@type\":\"ListItem\",\"position\":2,\"name\":\"Annonces\",\"item\":\"https:\/\/soukfellah.webminds.dz\/en\/shop\/\"},{\"@type\":\"ListItem\",\"position\":3,\"name\":\"safran zeflux alg\u00e9rien pur\"}]},{\"@type\":\"WebSite\",\"@id\":\"https:\/\/soukfellah.webminds.dz\/ar\/#website\",\"url\":\"https:\/\/soukfellah.webminds.dz\/ar\/\",\"name\":\"Soukfellah\",\"description\":\"Soukfellah\",\"publisher\":{\"@id\":\"https:\/\/soukfellah.webminds.dz\/ar\/#organization\"},\"potentialAction\":[{\"@type\":\"SearchAction\",\"target\":{\"@type\":\"EntryPoint\",\"urlTemplate\":\"https:\/\/soukfellah.webminds.dz\/ar\/?s={search_term_string}\"},\"query-input\":{\"@type\":\"PropertyValueSpecification\",\"valueRequired\":true,\"valueName\":\"search_term_string\"}}],\"inLanguage\":\"ar\"},{\"@type\":\"Organization\",\"@id\":\"https:\/\/soukfellah.webminds.dz\/ar\/#organization\",\"name\":\"Soukfellah\",\"url\":\"https:\/\/soukfellah.webminds.dz\/ar\/\",\"logo\":{\"@type\":\"ImageObject\",\"inLanguage\":\"ar\",\"@id\":\"https:\/\/soukfellah.webminds.dz\/ar\/#\/schema\/logo\/image\/\",\"url\":\"https:\/\/soukfellah.webminds.dz\/wp-content\/uploads\/2021\/03\/Sans-titre-2.png\",\"contentUrl\":\"https:\/\/soukfellah.webminds.dz\/wp-content\/uploads\/2021\/03\/Sans-titre-2.png\",\"width\":270,\"height\":224,\"caption\":\"Soukfellah\"},\"image\":{\"@id\":\"https:\/\/soukfellah.webminds.dz\/ar\/#\/schema\/logo\/image\/\"},\"sameAs\":[\"https:\/\/www.facebook.com\/Soukfellah213\"]}]}<\/script>\n<!-- \/ Yoast SEO plugin. -->","yoast_head_json":{"title":"safran zeflux alg\u00e9rien pur - Soukfellah","robots":{"index":"index","follow":"follow","max-snippet":"max-snippet:-1","max-image-preview":"max-image-preview:large","max-video-preview":"max-video-preview:-1"},"canonical":"https:\/\/soukfellah.webminds.dz\/ar\/product\/safran-zeflux-algerien-pur\/","og_locale":"ar_AR","og_type":"article","og_title":"safran zeflux alg\u00e9rien pur - Soukfellah","og_description":"safran alg\u00e9rien pur et organique cat\u00e9gorie 1: analyse ISO3632","og_url":"https:\/\/soukfellah.webminds.dz\/ar\/product\/safran-zeflux-algerien-pur\/","og_site_name":"Soukfellah","article_publisher":"https:\/\/www.facebook.com\/Soukfellah213","article_modified_time":"2022-04-08T12:14:06+00:00","og_image":[{"width":1000,"height":1000,"url":"https:\/\/soukfellah.webminds.dz\/wp-content\/uploads\/2022\/04\/SAVE_20210101_184753.jpg","type":"image\/jpeg"}],"twitter_card":"summary_large_image","schema":{"@context":"https:\/\/schema.org","@graph":[{"@type":"WebPage","@id":"https:\/\/soukfellah.webminds.dz\/produit\/safran-zeflux-algerien-pur\/","url":"https:\/\/soukfellah.webminds.dz\/produit\/safran-zeflux-algerien-pur\/","name":"safran zeflux alg\u00e9rien pur - Soukfellah","isPartOf":{"@id":"https:\/\/soukfellah.webminds.dz\/ar\/#website"},"primaryImageOfPage":{"@id":"https:\/\/soukfellah.webminds.dz\/produit\/safran-zeflux-algerien-pur\/#primaryimage"},"image":{"@id":"https:\/\/soukfellah.webminds.dz\/produit\/safran-zeflux-algerien-pur\/#primaryimage"},"thumbnailUrl":"https:\/\/soukfellah.webminds.dz\/wp-content\/uploads\/2022\/04\/SAVE_20210101_184753.jpg","datePublished":"2022-04-05T15:05:37+00:00","dateModified":"2022-04-08T12:14:06+00:00","breadcrumb":{"@id":"https:\/\/soukfellah.webminds.dz\/produit\/safran-zeflux-algerien-pur\/#breadcrumb"},"inLanguage":"ar","potentialAction":[{"@type":"ReadAction","target":["https:\/\/soukfellah.webminds.dz\/produit\/safran-zeflux-algerien-pur\/"]}]},{"@type":"ImageObject","inLanguage":"ar","@id":"https:\/\/soukfellah.webminds.dz\/produit\/safran-zeflux-algerien-pur\/#primaryimage","url":"https:\/\/soukfellah.webminds.dz\/wp-content\/uploads\/2022\/04\/SAVE_20210101_184753.jpg","contentUrl":"https:\/\/soukfellah.webminds.dz\/wp-content\/uploads\/2022\/04\/SAVE_20210101_184753.jpg","width":1000,"height":1000},{"@type":"BreadcrumbList","@id":"https:\/\/soukfellah.webminds.dz\/produit\/safran-zeflux-algerien-pur\/#breadcrumb","itemListElement":[{"@type":"ListItem","position":1,"name":"Accueil","item":"https:\/\/soukfellah.webminds.dz\/ar\/"},{"@type":"ListItem","position":2,"name":"Annonces","item":"https:\/\/soukfellah.webminds.dz\/en\/shop\/"},{"@type":"ListItem","position":3,"name":"safran zeflux alg\u00e9rien pur"}]},{"@type":"WebSite","@id":"https:\/\/soukfellah.webminds.dz\/ar\/#website","url":"https:\/\/soukfellah.webminds.dz\/ar\/","name":"\u0633\u0648\u0642 \u0641\u0644\u0627\u062d","description":"\u0633\u0648\u0642 \u0641\u0644\u0627\u062d","publisher":{"@id":"https:\/\/soukfellah.webminds.dz\/ar\/#organization"},"potentialAction":[{"@type":"SearchAction","target":{"@type":"EntryPoint","urlTemplate":"https:\/\/soukfellah.webminds.dz\/ar\/?s={search_term_string}"},"query-input":{"@type":"PropertyValueSpecification","valueRequired":true,"valueName":"search_term_string"}}],"inLanguage":"ar"},{"@type":"Organization","@id":"https:\/\/soukfellah.webminds.dz\/ar\/#organization","name":"\u0633\u0648\u0642 \u0641\u0644\u0627\u062d","url":"https:\/\/soukfellah.webminds.dz\/ar\/","logo":{"@type":"ImageObject","inLanguage":"ar","@id":"https:\/\/soukfellah.webminds.dz\/ar\/#\/schema\/logo\/image\/","url":"https:\/\/soukfellah.webminds.dz\/wp-content\/uploads\/2021\/03\/Sans-titre-2.png","contentUrl":"https:\/\/soukfellah.webminds.dz\/wp-content\/uploads\/2021\/03\/Sans-titre-2.png","width":270,"height":224,"caption":"Soukfellah"},"image":{"@id":"https:\/\/soukfellah.webminds.dz\/ar\/#\/schema\/logo\/image\/"},"sameAs":["https:\/\/www.facebook.com\/Soukfellah213"]}]}},"_links":{"self":[{"href":"https:\/\/soukfellah.webminds.dz\/ar\/wp-json\/wp\/v2\/product\/5123","targetHints":{"allow":["GET"]}}],"collection":[{"href":"https:\/\/soukfellah.webminds.dz\/ar\/wp-json\/wp\/v2\/product"}],"about":[{"href":"https:\/\/soukfellah.webminds.dz\/ar\/wp-json\/wp\/v2\/types\/product"}],"wp:featuredmedia":[{"embeddable":true,"href":"https:\/\/soukfellah.webminds.dz\/ar\/wp-json\/wp\/v2\/media\/5122"}],"wp:attachment":[{"href":"https:\/\/soukfellah.webminds.dz\/ar\/wp-json\/wp\/v2\/media?parent=5123"}],"wp:term":[{"taxonomy":"product_brand","embeddable":true,"href":"https:\/\/soukfellah.webminds.dz\/ar\/wp-json\/wp\/v2\/product_brand?post=5123"},{"taxonomy":"product_cat","embeddable":true,"href":"https:\/\/soukfellah.webminds.dz\/ar\/wp-json\/wp\/v2\/product_cat?post=5123"},{"taxonomy":"product_tag","embeddable":true,"href":"https:\/\/soukfellah.webminds.dz\/ar\/wp-json\/wp\/v2\/product_tag?post=5123"}],"curies":[{"name":"wp","href":"https:\/\/api.w.org\/{rel}","templated":true}]}}