{"id":5073,"date":"2022-03-15T20:29:08","date_gmt":"2022-03-15T20:29:08","guid":{"rendered":"http:\/\/www.soukfellah.com\/?post_type=product&#038;p=5073"},"modified":"2022-03-16T11:47:13","modified_gmt":"2022-03-16T11:47:13","slug":"electrovanne-32mm","status":"publish","type":"product","link":"https:\/\/soukfellah.webminds.dz\/ar\/product\/electrovanne-32mm\/","title":{"rendered":"\u00e9lectrovanne 32mm"},"content":{"rendered":"","protected":false},"excerpt":{"rendered":"<p>\u00c9lectrovanne 24VAC diam\u00e8tre 32mm<\/p>","protected":false},"featured_media":5072,"template":"","meta":{"_acf_changed":false,"site-sidebar-layout":"default","site-content-layout":"","ast-site-content-layout":"default","site-content-style":"default","site-sidebar-style":"default","ast-global-header-display":"","ast-banner-title-visibility":"","ast-main-header-display":"","ast-hfb-above-header-display":"","ast-hfb-below-header-display":"","ast-hfb-mobile-header-display":"","site-post-title":"","ast-breadcrumbs-content":"","ast-featured-img":"","footer-sml-layout":"","theme-transparent-header-meta":"","adv-header-id-meta":"","stick-header-meta":"","header-above-stick-meta":"","header-main-stick-meta":"","header-below-stick-meta":"","astra-migrate-meta-layouts":"default","ast-page-background-enabled":"default","ast-page-background-meta":{"desktop":{"background-color":"","background-image":"","background-repeat":"repeat","background-position":"center center","background-size":"auto","background-attachment":"scroll","background-type":"","background-media":"","overlay-type":"","overlay-color":"","overlay-opacity":"","overlay-gradient":""},"tablet":{"background-color":"","background-image":"","background-repeat":"repeat","background-position":"center center","background-size":"auto","background-attachment":"scroll","background-type":"","background-media":"","overlay-type":"","overlay-color":"","overlay-opacity":"","overlay-gradient":""},"mobile":{"background-color":"","background-image":"","background-repeat":"repeat","background-position":"center center","background-size":"auto","background-attachment":"scroll","background-type":"","background-media":"","overlay-type":"","overlay-color":"","overlay-opacity":"","overlay-gradient":""}},"ast-content-background-meta":{"desktop":{"background-color":"var(--ast-global-color-5)","background-image":"","background-repeat":"repeat","background-position":"center center","background-size":"auto","background-attachment":"scroll","background-type":"","background-media":"","overlay-type":"","overlay-color":"","overlay-opacity":"","overlay-gradient":""},"tablet":{"background-color":"var(--ast-global-color-5)","background-image":"","background-repeat":"repeat","background-position":"center center","background-size":"auto","background-attachment":"scroll","background-type":"","background-media":"","overlay-type":"","overlay-color":"","overlay-opacity":"","overlay-gradient":""},"mobile":{"background-color":"var(--ast-global-color-5)","background-image":"","background-repeat":"repeat","background-position":"center center","background-size":"auto","background-attachment":"scroll","background-type":"","background-media":"","overlay-type":"","overlay-color":"","overlay-opacity":"","overlay-gradient":""}},"iawp_total_views":20},"product_brand":[],"product_cat":[47],"product_tag":[],"class_list":{"0":"post-5073","1":"product","2":"type-product","3":"status-publish","4":"has-post-thumbnail","6":"product_cat-divers","7":"desktop-align-center","8":"tablet-align-center","9":"mobile-align-center","11":"first","12":"instock","13":"shipping-taxable","14":"purchasable","15":"product-type-simple"},"acf":[],"yoast_head":"<!-- This site is optimized with the Yoast SEO plugin v26.2 - https:\/\/yoast.com\/wordpress\/plugins\/seo\/ -->\n<title>\u00e9lectrovanne 32mm - Soukfellah<\/title>\n<meta name=\"robots\" content=\"index, follow, max-snippet:-1, max-image-preview:large, max-video-preview:-1\" \/>\n<link rel=\"canonical\" href=\"https:\/\/soukfellah.webminds.dz\/ar\/product\/electrovanne-32mm\/\" \/>\n<meta property=\"og:locale\" content=\"ar_AR\" \/>\n<meta property=\"og:type\" content=\"article\" \/>\n<meta property=\"og:title\" content=\"\u00e9lectrovanne 32mm - Soukfellah\" \/>\n<meta property=\"og:description\" content=\"\u00c9lectrovanne 24VAC diam\u00e8tre 32mm\" \/>\n<meta property=\"og:url\" content=\"https:\/\/soukfellah.webminds.dz\/ar\/product\/electrovanne-32mm\/\" \/>\n<meta property=\"og:site_name\" content=\"Soukfellah\" \/>\n<meta property=\"article:publisher\" content=\"https:\/\/www.facebook.com\/Soukfellah213\" \/>\n<meta property=\"article:modified_time\" content=\"2022-03-16T11:47:13+00:00\" \/>\n<meta property=\"og:image\" content=\"https:\/\/soukfellah.webminds.dz\/wp-content\/uploads\/2022\/03\/20210221_122503-scaled.jpg\" \/>\n\t<meta property=\"og:image:width\" content=\"2560\" \/>\n\t<meta property=\"og:image:height\" content=\"1920\" \/>\n\t<meta property=\"og:image:type\" content=\"image\/jpeg\" \/>\n<meta name=\"twitter:card\" content=\"summary_large_image\" \/>\n<script type=\"application\/ld+json\" class=\"yoast-schema-graph\">{\"@context\":\"https:\/\/schema.org\",\"@graph\":[{\"@type\":\"WebPage\",\"@id\":\"https:\/\/soukfellah.webminds.dz\/en\/product\/electrovanne-32mm\/\",\"url\":\"https:\/\/soukfellah.webminds.dz\/en\/product\/electrovanne-32mm\/\",\"name\":\"\u00e9lectrovanne 32mm - Soukfellah\",\"isPartOf\":{\"@id\":\"https:\/\/soukfellah.webminds.dz\/ar\/#website\"},\"primaryImageOfPage\":{\"@id\":\"https:\/\/soukfellah.webminds.dz\/en\/product\/electrovanne-32mm\/#primaryimage\"},\"image\":{\"@id\":\"https:\/\/soukfellah.webminds.dz\/en\/product\/electrovanne-32mm\/#primaryimage\"},\"thumbnailUrl\":\"https:\/\/soukfellah.webminds.dz\/wp-content\/uploads\/2022\/03\/20210221_122503-scaled.jpg\",\"datePublished\":\"2022-03-15T20:29:08+00:00\",\"dateModified\":\"2022-03-16T11:47:13+00:00\",\"breadcrumb\":{\"@id\":\"https:\/\/soukfellah.webminds.dz\/en\/product\/electrovanne-32mm\/#breadcrumb\"},\"inLanguage\":\"ar\",\"potentialAction\":[{\"@type\":\"ReadAction\",\"target\":[\"https:\/\/soukfellah.webminds.dz\/en\/product\/electrovanne-32mm\/\"]}]},{\"@type\":\"ImageObject\",\"inLanguage\":\"ar\",\"@id\":\"https:\/\/soukfellah.webminds.dz\/en\/product\/electrovanne-32mm\/#primaryimage\",\"url\":\"https:\/\/soukfellah.webminds.dz\/wp-content\/uploads\/2022\/03\/20210221_122503-scaled.jpg\",\"contentUrl\":\"https:\/\/soukfellah.webminds.dz\/wp-content\/uploads\/2022\/03\/20210221_122503-scaled.jpg\",\"width\":2560,\"height\":1920},{\"@type\":\"BreadcrumbList\",\"@id\":\"https:\/\/soukfellah.webminds.dz\/en\/product\/electrovanne-32mm\/#breadcrumb\",\"itemListElement\":[{\"@type\":\"ListItem\",\"position\":1,\"name\":\"Accueil\",\"item\":\"https:\/\/soukfellah.webminds.dz\/ar\/\"},{\"@type\":\"ListItem\",\"position\":2,\"name\":\"Annonces\",\"item\":\"https:\/\/soukfellah.webminds.dz\/en\/shop\/\"},{\"@type\":\"ListItem\",\"position\":3,\"name\":\"\u00e9lectrovanne 32mm\"}]},{\"@type\":\"WebSite\",\"@id\":\"https:\/\/soukfellah.webminds.dz\/ar\/#website\",\"url\":\"https:\/\/soukfellah.webminds.dz\/ar\/\",\"name\":\"Soukfellah\",\"description\":\"Soukfellah\",\"publisher\":{\"@id\":\"https:\/\/soukfellah.webminds.dz\/ar\/#organization\"},\"potentialAction\":[{\"@type\":\"SearchAction\",\"target\":{\"@type\":\"EntryPoint\",\"urlTemplate\":\"https:\/\/soukfellah.webminds.dz\/ar\/?s={search_term_string}\"},\"query-input\":{\"@type\":\"PropertyValueSpecification\",\"valueRequired\":true,\"valueName\":\"search_term_string\"}}],\"inLanguage\":\"ar\"},{\"@type\":\"Organization\",\"@id\":\"https:\/\/soukfellah.webminds.dz\/ar\/#organization\",\"name\":\"Soukfellah\",\"url\":\"https:\/\/soukfellah.webminds.dz\/ar\/\",\"logo\":{\"@type\":\"ImageObject\",\"inLanguage\":\"ar\",\"@id\":\"https:\/\/soukfellah.webminds.dz\/ar\/#\/schema\/logo\/image\/\",\"url\":\"https:\/\/soukfellah.webminds.dz\/wp-content\/uploads\/2021\/03\/Sans-titre-2.png\",\"contentUrl\":\"https:\/\/soukfellah.webminds.dz\/wp-content\/uploads\/2021\/03\/Sans-titre-2.png\",\"width\":270,\"height\":224,\"caption\":\"Soukfellah\"},\"image\":{\"@id\":\"https:\/\/soukfellah.webminds.dz\/ar\/#\/schema\/logo\/image\/\"},\"sameAs\":[\"https:\/\/www.facebook.com\/Soukfellah213\"]}]}<\/script>\n<!-- \/ Yoast SEO plugin. -->","yoast_head_json":{"title":"\u00e9lectrovanne 32mm - Soukfellah","robots":{"index":"index","follow":"follow","max-snippet":"max-snippet:-1","max-image-preview":"max-image-preview:large","max-video-preview":"max-video-preview:-1"},"canonical":"https:\/\/soukfellah.webminds.dz\/ar\/product\/electrovanne-32mm\/","og_locale":"ar_AR","og_type":"article","og_title":"\u00e9lectrovanne 32mm - Soukfellah","og_description":"\u00c9lectrovanne 24VAC diam\u00e8tre 32mm","og_url":"https:\/\/soukfellah.webminds.dz\/ar\/product\/electrovanne-32mm\/","og_site_name":"Soukfellah","article_publisher":"https:\/\/www.facebook.com\/Soukfellah213","article_modified_time":"2022-03-16T11:47:13+00:00","og_image":[{"width":2560,"height":1920,"url":"https:\/\/soukfellah.webminds.dz\/wp-content\/uploads\/2022\/03\/20210221_122503-scaled.jpg","type":"image\/jpeg"}],"twitter_card":"summary_large_image","schema":{"@context":"https:\/\/schema.org","@graph":[{"@type":"WebPage","@id":"https:\/\/soukfellah.webminds.dz\/en\/product\/electrovanne-32mm\/","url":"https:\/\/soukfellah.webminds.dz\/en\/product\/electrovanne-32mm\/","name":"\u00e9lectrovanne 32mm - Soukfellah","isPartOf":{"@id":"https:\/\/soukfellah.webminds.dz\/ar\/#website"},"primaryImageOfPage":{"@id":"https:\/\/soukfellah.webminds.dz\/en\/product\/electrovanne-32mm\/#primaryimage"},"image":{"@id":"https:\/\/soukfellah.webminds.dz\/en\/product\/electrovanne-32mm\/#primaryimage"},"thumbnailUrl":"https:\/\/soukfellah.webminds.dz\/wp-content\/uploads\/2022\/03\/20210221_122503-scaled.jpg","datePublished":"2022-03-15T20:29:08+00:00","dateModified":"2022-03-16T11:47:13+00:00","breadcrumb":{"@id":"https:\/\/soukfellah.webminds.dz\/en\/product\/electrovanne-32mm\/#breadcrumb"},"inLanguage":"ar","potentialAction":[{"@type":"ReadAction","target":["https:\/\/soukfellah.webminds.dz\/en\/product\/electrovanne-32mm\/"]}]},{"@type":"ImageObject","inLanguage":"ar","@id":"https:\/\/soukfellah.webminds.dz\/en\/product\/electrovanne-32mm\/#primaryimage","url":"https:\/\/soukfellah.webminds.dz\/wp-content\/uploads\/2022\/03\/20210221_122503-scaled.jpg","contentUrl":"https:\/\/soukfellah.webminds.dz\/wp-content\/uploads\/2022\/03\/20210221_122503-scaled.jpg","width":2560,"height":1920},{"@type":"BreadcrumbList","@id":"https:\/\/soukfellah.webminds.dz\/en\/product\/electrovanne-32mm\/#breadcrumb","itemListElement":[{"@type":"ListItem","position":1,"name":"Accueil","item":"https:\/\/soukfellah.webminds.dz\/ar\/"},{"@type":"ListItem","position":2,"name":"Annonces","item":"https:\/\/soukfellah.webminds.dz\/en\/shop\/"},{"@type":"ListItem","position":3,"name":"\u00e9lectrovanne 32mm"}]},{"@type":"WebSite","@id":"https:\/\/soukfellah.webminds.dz\/ar\/#website","url":"https:\/\/soukfellah.webminds.dz\/ar\/","name":"\u0633\u0648\u0642 \u0641\u0644\u0627\u062d","description":"\u0633\u0648\u0642 \u0641\u0644\u0627\u062d","publisher":{"@id":"https:\/\/soukfellah.webminds.dz\/ar\/#organization"},"potentialAction":[{"@type":"SearchAction","target":{"@type":"EntryPoint","urlTemplate":"https:\/\/soukfellah.webminds.dz\/ar\/?s={search_term_string}"},"query-input":{"@type":"PropertyValueSpecification","valueRequired":true,"valueName":"search_term_string"}}],"inLanguage":"ar"},{"@type":"Organization","@id":"https:\/\/soukfellah.webminds.dz\/ar\/#organization","name":"\u0633\u0648\u0642 \u0641\u0644\u0627\u062d","url":"https:\/\/soukfellah.webminds.dz\/ar\/","logo":{"@type":"ImageObject","inLanguage":"ar","@id":"https:\/\/soukfellah.webminds.dz\/ar\/#\/schema\/logo\/image\/","url":"https:\/\/soukfellah.webminds.dz\/wp-content\/uploads\/2021\/03\/Sans-titre-2.png","contentUrl":"https:\/\/soukfellah.webminds.dz\/wp-content\/uploads\/2021\/03\/Sans-titre-2.png","width":270,"height":224,"caption":"Soukfellah"},"image":{"@id":"https:\/\/soukfellah.webminds.dz\/ar\/#\/schema\/logo\/image\/"},"sameAs":["https:\/\/www.facebook.com\/Soukfellah213"]}]}},"_links":{"self":[{"href":"https:\/\/soukfellah.webminds.dz\/ar\/wp-json\/wp\/v2\/product\/5073","targetHints":{"allow":["GET"]}}],"collection":[{"href":"https:\/\/soukfellah.webminds.dz\/ar\/wp-json\/wp\/v2\/product"}],"about":[{"href":"https:\/\/soukfellah.webminds.dz\/ar\/wp-json\/wp\/v2\/types\/product"}],"wp:featuredmedia":[{"embeddable":true,"href":"https:\/\/soukfellah.webminds.dz\/ar\/wp-json\/wp\/v2\/media\/5072"}],"wp:attachment":[{"href":"https:\/\/soukfellah.webminds.dz\/ar\/wp-json\/wp\/v2\/media?parent=5073"}],"wp:term":[{"taxonomy":"product_brand","embeddable":true,"href":"https:\/\/soukfellah.webminds.dz\/ar\/wp-json\/wp\/v2\/product_brand?post=5073"},{"taxonomy":"product_cat","embeddable":true,"href":"https:\/\/soukfellah.webminds.dz\/ar\/wp-json\/wp\/v2\/product_cat?post=5073"},{"taxonomy":"product_tag","embeddable":true,"href":"https:\/\/soukfellah.webminds.dz\/ar\/wp-json\/wp\/v2\/product_tag?post=5073"}],"curies":[{"name":"wp","href":"https:\/\/api.w.org\/{rel}","templated":true}]}}