{"id":4983,"date":"2021-05-01T23:43:56","date_gmt":"2021-05-01T23:43:56","guid":{"rendered":"https:\/\/www.soukfellah.com\/?post_type=product&#038;p=4983"},"modified":"2021-07-11T13:55:32","modified_gmt":"2021-07-11T13:55:32","slug":"wk0600-pest-repeller-ultrasonic-professional-325-m%c2%b2-chasse-les-indesirables-souris-rats-araignees-puces-tiques-et-insectes-rampants","status":"publish","type":"product","link":"https:\/\/soukfellah.webminds.dz\/ar\/product\/wk0600-pest-repeller-ultrasonic-professional-325-m%c2%b2-chasse-les-indesirables-souris-rats-araignees-puces-tiques-et-insectes-rampants\/","title":{"rendered":"WK0600 \u2013 Pest Repeller Ultrasonic Professional \u2013 325 M\u00b2 Chasse les ind\u00e9sirables (souris, rats, araign\u00e9es, puces, tiques et insectes rampants)"},"content":{"rendered":"","protected":false},"excerpt":{"rendered":"<p>Prot\u00e8ge une surface de 325 m\u00b2 maximum. La surface prot\u00e9g\u00e9e diminue sensiblement en fonction de l\u2019encombrement de la pi\u00e8ce et des mati\u00e8res qui constituent les murs, sols et plafonds.<br \/>\nMat\u00e9riel professionnel \u2013 boitier en m\u00e9tal.<br \/>\nAppareil \u00e0 utilisation int\u00e9rieure, avec t\u00e9moin lumineux de fonctionnement.<br \/>\nSe branche simplement dans une prise de courant 220 Volt avec son cordon de 2m. Le cordon permet un placement id\u00e9al de l\u2019appareil.<br \/>\n2 haut-parleurs.<br \/>\nConsommation d\u2019\u00e9nergie : 0,4 Watt.<br \/>\nEfficacit\u00e9 visible apr\u00e8s 72 heures et 2 semaines pour les rats.<br \/>\nPlusieurs r\u00e9glages de fr\u00e9quences et d\u2019intensit\u00e9s possibles.<br \/>\nPlacer l\u2019appareil entre 5 et 50 cm au-dessus du sol, le brancher \u00e0 l\u2019aide du cordon et le laisser \u00e9mettre 24h\/24.<br \/>\nAudibles sur certains r\u00e9glages.<br \/>\nPour acc\u00e9l\u00e9rer l\u2019effet r\u00e9pulsif ou en cas de forte invasion, actionner les variateurs 2 et 3 et faire fonctionner l\u2019appareil sur un r\u00e9glage audible.<\/p>\n<p>L\u2019efficacit\u00e9 des ultrasons, d\u00e9montr\u00e9e par des laboratoires ind\u00e9pendants, perturbe l\u2019ou\u00efe des rongeurs vis\u00e9s.<br \/>\nIncapables d\u2019identifier les dangers et se sentant en ins\u00e9curit\u00e9, les rats et les souris quittent la zone prot\u00e9g\u00e9e apr\u00e8s quelques jours.<\/p>","protected":false},"featured_media":4868,"template":"","meta":{"_acf_changed":false,"site-sidebar-layout":"default","site-content-layout":"","ast-site-content-layout":"default","site-content-style":"default","site-sidebar-style":"default","ast-global-header-display":"","ast-banner-title-visibility":"","ast-main-header-display":"","ast-hfb-above-header-display":"","ast-hfb-below-header-display":"","ast-hfb-mobile-header-display":"","site-post-title":"","ast-breadcrumbs-content":"","ast-featured-img":"","footer-sml-layout":"","theme-transparent-header-meta":"","adv-header-id-meta":"","stick-header-meta":"","header-above-stick-meta":"","header-main-stick-meta":"","header-below-stick-meta":"","astra-migrate-meta-layouts":"default","ast-page-background-enabled":"default","ast-page-background-meta":{"desktop":{"background-color":"","background-image":"","background-repeat":"repeat","background-position":"center center","background-size":"auto","background-attachment":"scroll","background-type":"","background-media":"","overlay-type":"","overlay-color":"","overlay-opacity":"","overlay-gradient":""},"tablet":{"background-color":"","background-image":"","background-repeat":"repeat","background-position":"center center","background-size":"auto","background-attachment":"scroll","background-type":"","background-media":"","overlay-type":"","overlay-color":"","overlay-opacity":"","overlay-gradient":""},"mobile":{"background-color":"","background-image":"","background-repeat":"repeat","background-position":"center center","background-size":"auto","background-attachment":"scroll","background-type":"","background-media":"","overlay-type":"","overlay-color":"","overlay-opacity":"","overlay-gradient":""}},"ast-content-background-meta":{"desktop":{"background-color":"var(--ast-global-color-5)","background-image":"","background-repeat":"repeat","background-position":"center center","background-size":"auto","background-attachment":"scroll","background-type":"","background-media":"","overlay-type":"","overlay-color":"","overlay-opacity":"","overlay-gradient":""},"tablet":{"background-color":"var(--ast-global-color-5)","background-image":"","background-repeat":"repeat","background-position":"center center","background-size":"auto","background-attachment":"scroll","background-type":"","background-media":"","overlay-type":"","overlay-color":"","overlay-opacity":"","overlay-gradient":""},"mobile":{"background-color":"var(--ast-global-color-5)","background-image":"","background-repeat":"repeat","background-position":"center center","background-size":"auto","background-attachment":"scroll","background-type":"","background-media":"","overlay-type":"","overlay-color":"","overlay-opacity":"","overlay-gradient":""}},"iawp_total_views":86},"product_brand":[],"product_cat":[40],"product_tag":[],"class_list":{"0":"post-4983","1":"product","2":"type-product","3":"status-publish","4":"has-post-thumbnail","6":"product_cat-batiments-delevage","7":"desktop-align-center","8":"tablet-align-center","9":"mobile-align-center","11":"first","12":"instock","13":"downloadable","14":"shipping-taxable","15":"purchasable","16":"product-type-simple"},"acf":[],"yoast_head":"<!-- This site is optimized with the Yoast SEO plugin v26.2 - https:\/\/yoast.com\/wordpress\/plugins\/seo\/ -->\n<title>WK0600 \u2013 Pest Repeller Ultrasonic Professional \u2013 325 M\u00b2 Chasse les ind\u00e9sirables (souris, rats, araign\u00e9es, puces, tiques et insectes rampants) - Soukfellah<\/title>\n<meta name=\"robots\" content=\"index, follow, max-snippet:-1, max-image-preview:large, max-video-preview:-1\" \/>\n<link rel=\"canonical\" href=\"https:\/\/soukfellah.webminds.dz\/ar\/product\/wk0600-pest-repeller-ultrasonic-professional-325-m\u00b2-chasse-les-indesirables-souris-rats-araignees-puces-tiques-et-insectes-rampants\/\" \/>\n<meta property=\"og:locale\" content=\"ar_AR\" \/>\n<meta property=\"og:type\" content=\"article\" \/>\n<meta property=\"og:title\" content=\"WK0600 \u2013 Pest Repeller Ultrasonic Professional \u2013 325 M\u00b2 Chasse les ind\u00e9sirables (souris, rats, araign\u00e9es, puces, tiques et insectes rampants) - Soukfellah\" \/>\n<meta property=\"og:description\" content=\"Prot\u00e8ge une surface de 325 m\u00b2 maximum. La surface prot\u00e9g\u00e9e diminue sensiblement en fonction de l\u2019encombrement de la pi\u00e8ce et des mati\u00e8res qui constituent les murs, sols et plafonds. Mat\u00e9riel professionnel \u2013 boitier en m\u00e9tal. Appareil \u00e0 utilisation int\u00e9rieure, avec t\u00e9moin lumineux de fonctionnement. Se branche simplement dans une prise de courant 220 Volt avec son cordon de 2m. Le cordon permet un placement id\u00e9al de l\u2019appareil. 2 haut-parleurs. Consommation d\u2019\u00e9nergie : 0,4 Watt. Efficacit\u00e9 visible apr\u00e8s 72 heures et 2 semaines pour les rats. Plusieurs r\u00e9glages de fr\u00e9quences et d\u2019intensit\u00e9s possibles. Placer l\u2019appareil entre 5 et 50 cm au-dessus du sol, le brancher \u00e0 l\u2019aide du cordon et le laisser \u00e9mettre 24h\/24. Audibles sur certains r\u00e9glages. Pour acc\u00e9l\u00e9rer l\u2019effet r\u00e9pulsif ou en cas de forte invasion, actionner les variateurs 2 et 3 et faire fonctionner l\u2019appareil sur un r\u00e9glage audible.  L\u2019efficacit\u00e9 des ultrasons, d\u00e9montr\u00e9e par des laboratoires ind\u00e9pendants, perturbe l\u2019ou\u00efe des rongeurs vis\u00e9s. Incapables d\u2019identifier les dangers et se sentant en ins\u00e9curit\u00e9, les rats et les souris quittent la zone prot\u00e9g\u00e9e apr\u00e8s quelques jours.\" \/>\n<meta property=\"og:url\" content=\"https:\/\/soukfellah.webminds.dz\/ar\/product\/wk0600-pest-repeller-ultrasonic-professional-325-m\u00b2-chasse-les-indesirables-souris-rats-araignees-puces-tiques-et-insectes-rampants\/\" \/>\n<meta property=\"og:site_name\" content=\"Soukfellah\" \/>\n<meta property=\"article:publisher\" content=\"https:\/\/www.facebook.com\/Soukfellah213\" \/>\n<meta property=\"article:modified_time\" content=\"2021-07-11T13:55:32+00:00\" \/>\n<meta property=\"og:image\" content=\"https:\/\/soukfellah.webminds.dz\/wp-content\/uploads\/2021\/04\/wk0600-packaging-2-1.jpg\" \/>\n\t<meta property=\"og:image:width\" content=\"1762\" \/>\n\t<meta property=\"og:image:height\" content=\"1228\" \/>\n\t<meta property=\"og:image:type\" content=\"image\/jpeg\" \/>\n<meta name=\"twitter:card\" content=\"summary_large_image\" \/>\n<script type=\"application\/ld+json\" class=\"yoast-schema-graph\">{\"@context\":\"https:\/\/schema.org\",\"@graph\":[{\"@type\":\"WebPage\",\"@id\":\"https:\/\/soukfellah.webminds.dz\/en\/product\/wk0600-pest-repeller-ultrasonic-professional-325-m%c2%b2-chasse-les-indesirables-souris-rats-araignees-puces-tiques-et-insectes-rampants\/\",\"url\":\"https:\/\/soukfellah.webminds.dz\/en\/product\/wk0600-pest-repeller-ultrasonic-professional-325-m%c2%b2-chasse-les-indesirables-souris-rats-araignees-puces-tiques-et-insectes-rampants\/\",\"name\":\"WK0600 \u2013 Pest Repeller Ultrasonic Professional \u2013 325 M\u00b2 Chasse les ind\u00e9sirables (souris, rats, araign\u00e9es, puces, tiques et insectes rampants) - Soukfellah\",\"isPartOf\":{\"@id\":\"https:\/\/soukfellah.webminds.dz\/ar\/#website\"},\"primaryImageOfPage\":{\"@id\":\"https:\/\/soukfellah.webminds.dz\/en\/product\/wk0600-pest-repeller-ultrasonic-professional-325-m%c2%b2-chasse-les-indesirables-souris-rats-araignees-puces-tiques-et-insectes-rampants\/#primaryimage\"},\"image\":{\"@id\":\"https:\/\/soukfellah.webminds.dz\/en\/product\/wk0600-pest-repeller-ultrasonic-professional-325-m%c2%b2-chasse-les-indesirables-souris-rats-araignees-puces-tiques-et-insectes-rampants\/#primaryimage\"},\"thumbnailUrl\":\"https:\/\/soukfellah.webminds.dz\/wp-content\/uploads\/2021\/04\/wk0600-packaging-2-1.jpg\",\"datePublished\":\"2021-05-01T23:43:56+00:00\",\"dateModified\":\"2021-07-11T13:55:32+00:00\",\"breadcrumb\":{\"@id\":\"https:\/\/soukfellah.webminds.dz\/en\/product\/wk0600-pest-repeller-ultrasonic-professional-325-m%c2%b2-chasse-les-indesirables-souris-rats-araignees-puces-tiques-et-insectes-rampants\/#breadcrumb\"},\"inLanguage\":\"ar\",\"potentialAction\":[{\"@type\":\"ReadAction\",\"target\":[\"https:\/\/soukfellah.webminds.dz\/en\/product\/wk0600-pest-repeller-ultrasonic-professional-325-m%c2%b2-chasse-les-indesirables-souris-rats-araignees-puces-tiques-et-insectes-rampants\/\"]}]},{\"@type\":\"ImageObject\",\"inLanguage\":\"ar\",\"@id\":\"https:\/\/soukfellah.webminds.dz\/en\/product\/wk0600-pest-repeller-ultrasonic-professional-325-m%c2%b2-chasse-les-indesirables-souris-rats-araignees-puces-tiques-et-insectes-rampants\/#primaryimage\",\"url\":\"https:\/\/soukfellah.webminds.dz\/wp-content\/uploads\/2021\/04\/wk0600-packaging-2-1.jpg\",\"contentUrl\":\"https:\/\/soukfellah.webminds.dz\/wp-content\/uploads\/2021\/04\/wk0600-packaging-2-1.jpg\",\"width\":1762,\"height\":1228,\"caption\":\"Chasse rats, souris, araign\u00e9es et insectes de la maison, du garages, du grenier... Pour 325m\u00b2\"},{\"@type\":\"BreadcrumbList\",\"@id\":\"https:\/\/soukfellah.webminds.dz\/en\/product\/wk0600-pest-repeller-ultrasonic-professional-325-m%c2%b2-chasse-les-indesirables-souris-rats-araignees-puces-tiques-et-insectes-rampants\/#breadcrumb\",\"itemListElement\":[{\"@type\":\"ListItem\",\"position\":1,\"name\":\"Accueil\",\"item\":\"https:\/\/soukfellah.webminds.dz\/ar\/\"},{\"@type\":\"ListItem\",\"position\":2,\"name\":\"Annonces\",\"item\":\"https:\/\/soukfellah.webminds.dz\/en\/shop\/\"},{\"@type\":\"ListItem\",\"position\":3,\"name\":\"WK0600 \u2013 Pest Repeller Ultrasonic Professional \u2013 325 M\u00b2 Chasse les ind\u00e9sirables (souris, rats, araign\u00e9es, puces, tiques et insectes rampants)\"}]},{\"@type\":\"WebSite\",\"@id\":\"https:\/\/soukfellah.webminds.dz\/ar\/#website\",\"url\":\"https:\/\/soukfellah.webminds.dz\/ar\/\",\"name\":\"Soukfellah\",\"description\":\"Soukfellah\",\"publisher\":{\"@id\":\"https:\/\/soukfellah.webminds.dz\/ar\/#organization\"},\"potentialAction\":[{\"@type\":\"SearchAction\",\"target\":{\"@type\":\"EntryPoint\",\"urlTemplate\":\"https:\/\/soukfellah.webminds.dz\/ar\/?s={search_term_string}\"},\"query-input\":{\"@type\":\"PropertyValueSpecification\",\"valueRequired\":true,\"valueName\":\"search_term_string\"}}],\"inLanguage\":\"ar\"},{\"@type\":\"Organization\",\"@id\":\"https:\/\/soukfellah.webminds.dz\/ar\/#organization\",\"name\":\"Soukfellah\",\"url\":\"https:\/\/soukfellah.webminds.dz\/ar\/\",\"logo\":{\"@type\":\"ImageObject\",\"inLanguage\":\"ar\",\"@id\":\"https:\/\/soukfellah.webminds.dz\/ar\/#\/schema\/logo\/image\/\",\"url\":\"https:\/\/soukfellah.webminds.dz\/wp-content\/uploads\/2021\/03\/Sans-titre-2.png\",\"contentUrl\":\"https:\/\/soukfellah.webminds.dz\/wp-content\/uploads\/2021\/03\/Sans-titre-2.png\",\"width\":270,\"height\":224,\"caption\":\"Soukfellah\"},\"image\":{\"@id\":\"https:\/\/soukfellah.webminds.dz\/ar\/#\/schema\/logo\/image\/\"},\"sameAs\":[\"https:\/\/www.facebook.com\/Soukfellah213\"]}]}<\/script>\n<!-- \/ Yoast SEO plugin. -->","yoast_head_json":{"title":"WK0600 \u2013 Pest Repeller Ultrasonic Professional \u2013 325 M\u00b2 Chasse les ind\u00e9sirables (souris, rats, araign\u00e9es, puces, tiques et insectes rampants) - Soukfellah","robots":{"index":"index","follow":"follow","max-snippet":"max-snippet:-1","max-image-preview":"max-image-preview:large","max-video-preview":"max-video-preview:-1"},"canonical":"https:\/\/soukfellah.webminds.dz\/ar\/product\/wk0600-pest-repeller-ultrasonic-professional-325-m\u00b2-chasse-les-indesirables-souris-rats-araignees-puces-tiques-et-insectes-rampants\/","og_locale":"ar_AR","og_type":"article","og_title":"WK0600 \u2013 Pest Repeller Ultrasonic Professional \u2013 325 M\u00b2 Chasse les ind\u00e9sirables (souris, rats, araign\u00e9es, puces, tiques et insectes rampants) - Soukfellah","og_description":"Prot\u00e8ge une surface de 325 m\u00b2 maximum. La surface prot\u00e9g\u00e9e diminue sensiblement en fonction de l\u2019encombrement de la pi\u00e8ce et des mati\u00e8res qui constituent les murs, sols et plafonds. Mat\u00e9riel professionnel \u2013 boitier en m\u00e9tal. Appareil \u00e0 utilisation int\u00e9rieure, avec t\u00e9moin lumineux de fonctionnement. Se branche simplement dans une prise de courant 220 Volt avec son cordon de 2m. Le cordon permet un placement id\u00e9al de l\u2019appareil. 2 haut-parleurs. Consommation d\u2019\u00e9nergie : 0,4 Watt. Efficacit\u00e9 visible apr\u00e8s 72 heures et 2 semaines pour les rats. Plusieurs r\u00e9glages de fr\u00e9quences et d\u2019intensit\u00e9s possibles. Placer l\u2019appareil entre 5 et 50 cm au-dessus du sol, le brancher \u00e0 l\u2019aide du cordon et le laisser \u00e9mettre 24h\/24. Audibles sur certains r\u00e9glages. Pour acc\u00e9l\u00e9rer l\u2019effet r\u00e9pulsif ou en cas de forte invasion, actionner les variateurs 2 et 3 et faire fonctionner l\u2019appareil sur un r\u00e9glage audible.  L\u2019efficacit\u00e9 des ultrasons, d\u00e9montr\u00e9e par des laboratoires ind\u00e9pendants, perturbe l\u2019ou\u00efe des rongeurs vis\u00e9s. Incapables d\u2019identifier les dangers et se sentant en ins\u00e9curit\u00e9, les rats et les souris quittent la zone prot\u00e9g\u00e9e apr\u00e8s quelques jours.","og_url":"https:\/\/soukfellah.webminds.dz\/ar\/product\/wk0600-pest-repeller-ultrasonic-professional-325-m\u00b2-chasse-les-indesirables-souris-rats-araignees-puces-tiques-et-insectes-rampants\/","og_site_name":"Soukfellah","article_publisher":"https:\/\/www.facebook.com\/Soukfellah213","article_modified_time":"2021-07-11T13:55:32+00:00","og_image":[{"width":1762,"height":1228,"url":"https:\/\/soukfellah.webminds.dz\/wp-content\/uploads\/2021\/04\/wk0600-packaging-2-1.jpg","type":"image\/jpeg"}],"twitter_card":"summary_large_image","schema":{"@context":"https:\/\/schema.org","@graph":[{"@type":"WebPage","@id":"https:\/\/soukfellah.webminds.dz\/en\/product\/wk0600-pest-repeller-ultrasonic-professional-325-m%c2%b2-chasse-les-indesirables-souris-rats-araignees-puces-tiques-et-insectes-rampants\/","url":"https:\/\/soukfellah.webminds.dz\/en\/product\/wk0600-pest-repeller-ultrasonic-professional-325-m%c2%b2-chasse-les-indesirables-souris-rats-araignees-puces-tiques-et-insectes-rampants\/","name":"WK0600 \u2013 Pest Repeller Ultrasonic Professional \u2013 325 M\u00b2 Chasse les ind\u00e9sirables (souris, rats, araign\u00e9es, puces, tiques et insectes rampants) - Soukfellah","isPartOf":{"@id":"https:\/\/soukfellah.webminds.dz\/ar\/#website"},"primaryImageOfPage":{"@id":"https:\/\/soukfellah.webminds.dz\/en\/product\/wk0600-pest-repeller-ultrasonic-professional-325-m%c2%b2-chasse-les-indesirables-souris-rats-araignees-puces-tiques-et-insectes-rampants\/#primaryimage"},"image":{"@id":"https:\/\/soukfellah.webminds.dz\/en\/product\/wk0600-pest-repeller-ultrasonic-professional-325-m%c2%b2-chasse-les-indesirables-souris-rats-araignees-puces-tiques-et-insectes-rampants\/#primaryimage"},"thumbnailUrl":"https:\/\/soukfellah.webminds.dz\/wp-content\/uploads\/2021\/04\/wk0600-packaging-2-1.jpg","datePublished":"2021-05-01T23:43:56+00:00","dateModified":"2021-07-11T13:55:32+00:00","breadcrumb":{"@id":"https:\/\/soukfellah.webminds.dz\/en\/product\/wk0600-pest-repeller-ultrasonic-professional-325-m%c2%b2-chasse-les-indesirables-souris-rats-araignees-puces-tiques-et-insectes-rampants\/#breadcrumb"},"inLanguage":"ar","potentialAction":[{"@type":"ReadAction","target":["https:\/\/soukfellah.webminds.dz\/en\/product\/wk0600-pest-repeller-ultrasonic-professional-325-m%c2%b2-chasse-les-indesirables-souris-rats-araignees-puces-tiques-et-insectes-rampants\/"]}]},{"@type":"ImageObject","inLanguage":"ar","@id":"https:\/\/soukfellah.webminds.dz\/en\/product\/wk0600-pest-repeller-ultrasonic-professional-325-m%c2%b2-chasse-les-indesirables-souris-rats-araignees-puces-tiques-et-insectes-rampants\/#primaryimage","url":"https:\/\/soukfellah.webminds.dz\/wp-content\/uploads\/2021\/04\/wk0600-packaging-2-1.jpg","contentUrl":"https:\/\/soukfellah.webminds.dz\/wp-content\/uploads\/2021\/04\/wk0600-packaging-2-1.jpg","width":1762,"height":1228,"caption":"Chasse rats, souris, araign\u00e9es et insectes de la maison, du garages, du grenier... Pour 325m\u00b2"},{"@type":"BreadcrumbList","@id":"https:\/\/soukfellah.webminds.dz\/en\/product\/wk0600-pest-repeller-ultrasonic-professional-325-m%c2%b2-chasse-les-indesirables-souris-rats-araignees-puces-tiques-et-insectes-rampants\/#breadcrumb","itemListElement":[{"@type":"ListItem","position":1,"name":"Accueil","item":"https:\/\/soukfellah.webminds.dz\/ar\/"},{"@type":"ListItem","position":2,"name":"Annonces","item":"https:\/\/soukfellah.webminds.dz\/en\/shop\/"},{"@type":"ListItem","position":3,"name":"WK0600 \u2013 Pest Repeller Ultrasonic Professional \u2013 325 M\u00b2 Chasse les ind\u00e9sirables (souris, rats, araign\u00e9es, puces, tiques et insectes rampants)"}]},{"@type":"WebSite","@id":"https:\/\/soukfellah.webminds.dz\/ar\/#website","url":"https:\/\/soukfellah.webminds.dz\/ar\/","name":"\u0633\u0648\u0642 \u0641\u0644\u0627\u062d","description":"\u0633\u0648\u0642 \u0641\u0644\u0627\u062d","publisher":{"@id":"https:\/\/soukfellah.webminds.dz\/ar\/#organization"},"potentialAction":[{"@type":"SearchAction","target":{"@type":"EntryPoint","urlTemplate":"https:\/\/soukfellah.webminds.dz\/ar\/?s={search_term_string}"},"query-input":{"@type":"PropertyValueSpecification","valueRequired":true,"valueName":"search_term_string"}}],"inLanguage":"ar"},{"@type":"Organization","@id":"https:\/\/soukfellah.webminds.dz\/ar\/#organization","name":"\u0633\u0648\u0642 \u0641\u0644\u0627\u062d","url":"https:\/\/soukfellah.webminds.dz\/ar\/","logo":{"@type":"ImageObject","inLanguage":"ar","@id":"https:\/\/soukfellah.webminds.dz\/ar\/#\/schema\/logo\/image\/","url":"https:\/\/soukfellah.webminds.dz\/wp-content\/uploads\/2021\/03\/Sans-titre-2.png","contentUrl":"https:\/\/soukfellah.webminds.dz\/wp-content\/uploads\/2021\/03\/Sans-titre-2.png","width":270,"height":224,"caption":"Soukfellah"},"image":{"@id":"https:\/\/soukfellah.webminds.dz\/ar\/#\/schema\/logo\/image\/"},"sameAs":["https:\/\/www.facebook.com\/Soukfellah213"]}]}},"_links":{"self":[{"href":"https:\/\/soukfellah.webminds.dz\/ar\/wp-json\/wp\/v2\/product\/4983","targetHints":{"allow":["GET"]}}],"collection":[{"href":"https:\/\/soukfellah.webminds.dz\/ar\/wp-json\/wp\/v2\/product"}],"about":[{"href":"https:\/\/soukfellah.webminds.dz\/ar\/wp-json\/wp\/v2\/types\/product"}],"wp:featuredmedia":[{"embeddable":true,"href":"https:\/\/soukfellah.webminds.dz\/ar\/wp-json\/wp\/v2\/media\/4868"}],"wp:attachment":[{"href":"https:\/\/soukfellah.webminds.dz\/ar\/wp-json\/wp\/v2\/media?parent=4983"}],"wp:term":[{"taxonomy":"product_brand","embeddable":true,"href":"https:\/\/soukfellah.webminds.dz\/ar\/wp-json\/wp\/v2\/product_brand?post=4983"},{"taxonomy":"product_cat","embeddable":true,"href":"https:\/\/soukfellah.webminds.dz\/ar\/wp-json\/wp\/v2\/product_cat?post=4983"},{"taxonomy":"product_tag","embeddable":true,"href":"https:\/\/soukfellah.webminds.dz\/ar\/wp-json\/wp\/v2\/product_tag?post=4983"}],"curies":[{"name":"wp","href":"https:\/\/api.w.org\/{rel}","templated":true}]}}