{"id":5788,"date":"2023-06-24T14:09:55","date_gmt":"2023-06-24T14:09:55","guid":{"rendered":"https:\/\/www.soukfellah.com\/?page_id=5788"},"modified":"2023-07-14T22:52:46","modified_gmt":"2023-07-14T22:52:46","slug":"horticulture","status":"publish","type":"page","link":"https:\/\/soukfellah.webminds.dz\/ar\/horticulture\/","title":{"rendered":"Horticulture"},"content":{"rendered":"<div data-elementor-type=\"wp-page\" data-elementor-id=\"5788\" class=\"elementor elementor-5788\" data-elementor-post-type=\"page\">\n\t\t\t\t<div class=\"elementor-element elementor-element-74260842 e-flex e-con-boxed e-con e-parent\" data-id=\"74260842\" data-element_type=\"container\">\n\t\t\t\t\t<div class=\"e-con-inner\">\n\t\t\t\t<div class=\"elementor-element elementor-element-38d2f13f elementor-widget elementor-widget-image\" data-id=\"38d2f13f\" data-element_type=\"widget\" data-widget_type=\"image.default\">\n\t\t\t\t<div class=\"elementor-widget-container\">\n\t\t\t\t\t\t\t\t\t\t\t\t\t\t\t<img fetchpriority=\"high\" decoding=\"async\" width=\"1024\" height=\"576\" src=\"https:\/\/soukfellah.webminds.dz\/wp-content\/uploads\/2023\/06\/6-2-1024x576.png\" class=\"attachment-large size-large wp-image-5791\" alt=\"\" srcset=\"https:\/\/soukfellah.webminds.dz\/wp-content\/uploads\/2023\/06\/6-2-1024x576.png 1024w, https:\/\/soukfellah.webminds.dz\/wp-content\/uploads\/2023\/06\/6-2-300x169.png 300w, https:\/\/soukfellah.webminds.dz\/wp-content\/uploads\/2023\/06\/6-2-768x432.png 768w, https:\/\/soukfellah.webminds.dz\/wp-content\/uploads\/2023\/06\/6-2-18x10.png 18w, https:\/\/soukfellah.webminds.dz\/wp-content\/uploads\/2023\/06\/6-2-600x337.png 600w, https:\/\/soukfellah.webminds.dz\/wp-content\/uploads\/2023\/06\/6-2.png 1366w\" sizes=\"(max-width: 1024px) 100vw, 1024px\" \/>\t\t\t\t\t\t\t\t\t\t\t\t\t\t\t<\/div>\n\t\t\t\t<\/div>\n\t\t\t\t\t<\/div>\n\t\t\t\t<\/div>\n\t\t<div class=\"elementor-element elementor-element-1411fcd9 e-flex e-con-boxed e-con e-parent\" data-id=\"1411fcd9\" data-element_type=\"container\">\n\t\t\t\t\t<div class=\"e-con-inner\">\n\t\t\t\t<div class=\"elementor-element elementor-element-608ebc4d elementor-blockquote--skin-boxed elementor-blockquote--align-center elementor-blockquote--button-color-official elementor-widget elementor-widget-blockquote\" data-id=\"608ebc4d\" data-element_type=\"widget\" data-widget_type=\"blockquote.default\">\n\t\t\t\t<div class=\"elementor-widget-container\">\n\t\t\t\t\t\t\t<blockquote class=\"elementor-blockquote\">\n\t\t\t<p class=\"elementor-blockquote__content\">\n\t\t\t\tTechniques avanc\u00e9es de culture de plantes ornementales, d\u2019am\u00e9nagement paysager et de cr\u00e9ation de jardins esth\u00e9tiques.\t\t\t<\/p>\n\t\t\t\t\t<\/blockquote>\n\t\t\t\t\t\t<\/div>\n\t\t\t\t<\/div>\n\t\t\t\t\t<\/div>\n\t\t\t\t<\/div>\n\t\t<div class=\"elementor-element elementor-element-7d172c2 e-flex e-con-boxed e-con e-parent\" data-id=\"7d172c2\" data-element_type=\"container\">\n\t\t\t\t\t<div class=\"e-con-inner\">\n\t\t\t\t<div class=\"elementor-element elementor-element-7e64ed20 elementor-grid-3 elementor-grid-tablet-2 elementor-grid-mobile-1 elementor-posts--thumbnail-top load-more-align-center elementor-widget elementor-widget-posts\" data-id=\"7e64ed20\" data-element_type=\"widget\" data-settings=\"{&quot;pagination_type&quot;:&quot;load_more_on_click&quot;,&quot;classic_columns&quot;:&quot;3&quot;,&quot;classic_columns_tablet&quot;:&quot;2&quot;,&quot;classic_columns_mobile&quot;:&quot;1&quot;,&quot;classic_row_gap&quot;:{&quot;unit&quot;:&quot;px&quot;,&quot;size&quot;:35,&quot;sizes&quot;:[]},&quot;classic_row_gap_tablet&quot;:{&quot;unit&quot;:&quot;px&quot;,&quot;size&quot;:&quot;&quot;,&quot;sizes&quot;:[]},&quot;classic_row_gap_mobile&quot;:{&quot;unit&quot;:&quot;px&quot;,&quot;size&quot;:&quot;&quot;,&quot;sizes&quot;:[]},&quot;load_more_spinner&quot;:{&quot;value&quot;:&quot;fas fa-spinner&quot;,&quot;library&quot;:&quot;fa-solid&quot;}}\" data-widget_type=\"posts.classic\">\n\t\t\t\t<div class=\"elementor-widget-container\">\n\t\t\t\t\t\t\t<div class=\"elementor-posts-container elementor-posts elementor-posts--skin-classic elementor-grid\">\n\t\t\t\t<article class=\"elementor-post elementor-grid-item post-6167 post type-post status-publish format-standard has-post-thumbnail hentry category-horticulture\">\n\t\t\t\t<a class=\"elementor-post__thumbnail__link\" href=\"https:\/\/soukfellah.webminds.dz\/ar\/horticulture\/comment-creer-un-jardin-sec-resistant-a-la-secheresse-conseils-et-idees\/\" tabindex=\"-1\" target=\"&quot;_blank&quot;\">\n\t\t\t<div class=\"elementor-post__thumbnail\"><img decoding=\"async\" width=\"300\" height=\"169\" src=\"https:\/\/soukfellah.webminds.dz\/wp-content\/uploads\/2023\/09\/www.soukfellah.com_-300x169.png\" class=\"attachment-medium size-medium wp-image-6168\" alt=\"\" srcset=\"https:\/\/soukfellah.webminds.dz\/wp-content\/uploads\/2023\/09\/www.soukfellah.com_-300x169.png 300w, https:\/\/soukfellah.webminds.dz\/wp-content\/uploads\/2023\/09\/www.soukfellah.com_-1024x576.png 1024w, https:\/\/soukfellah.webminds.dz\/wp-content\/uploads\/2023\/09\/www.soukfellah.com_-768x432.png 768w, https:\/\/soukfellah.webminds.dz\/wp-content\/uploads\/2023\/09\/www.soukfellah.com_-18x10.png 18w, https:\/\/soukfellah.webminds.dz\/wp-content\/uploads\/2023\/09\/www.soukfellah.com_-600x337.png 600w, https:\/\/soukfellah.webminds.dz\/wp-content\/uploads\/2023\/09\/www.soukfellah.com_.png 1366w\" sizes=\"(max-width: 300px) 100vw, 300px\" \/><\/div>\n\t\t<\/a>\n\t\t\t\t<div class=\"elementor-post__text\">\n\t\t\t\t<h3 class=\"elementor-post__title\">\n\t\t\t<a href=\"https:\/\/soukfellah.webminds.dz\/ar\/horticulture\/comment-creer-un-jardin-sec-resistant-a-la-secheresse-conseils-et-idees\/\" target=\"&quot;_blank&quot;\">\n\t\t\t\tComment Cr\u00e9er un Jardin Sec R\u00e9sistant \u00e0 la S\u00e9cheresse : Conseils et Id\u00e9es\t\t\t<\/a>\n\t\t<\/h3>\n\t\t\t\t<div class=\"elementor-post__meta-data\">\n\t\t\t\t\t<span class=\"elementor-post-date\">\n\t\t\t\u0633\u0628\u062a\u0645\u0628\u0631 18, 2023\t\t<\/span>\n\t\t\t\t<span class=\"elementor-post-avatar\">\n\t\t\t\u0644\u0627 \u062a\u0648\u062c\u062f \u062a\u0639\u0644\u064a\u0642\u0627\u062a\t\t<\/span>\n\t\t\t\t<\/div>\n\t\t\t\t\t<div class=\"elementor-post__read-more-wrapper\">\n\t\t\n\t\t<a class=\"elementor-post__read-more\" href=\"https:\/\/soukfellah.webminds.dz\/ar\/horticulture\/comment-creer-un-jardin-sec-resistant-a-la-secheresse-conseils-et-idees\/\" aria-label=\"Read more about Comment Cr\u00e9er un Jardin Sec R\u00e9sistant \u00e0 la S\u00e9cheresse : Conseils et Id\u00e9es\" tabindex=\"-1\" target=\"_blank\">\n\t\t\tLire la suite \u00bb\t\t<\/a>\n\n\t\t\t\t\t<\/div>\n\t\t\t\t<\/div>\n\t\t\t\t<\/article>\n\t\t\t\t<article class=\"elementor-post elementor-grid-item post-6001 post type-post status-publish format-standard has-post-thumbnail hentry category-horticulture\">\n\t\t\t\t<a class=\"elementor-post__thumbnail__link\" href=\"https:\/\/soukfellah.webminds.dz\/ar\/horticulture\/comment-concevoir-un-jardin-adapte-au-climat-pour-une-resilience-aux-changements-environnementaux\/\" tabindex=\"-1\" target=\"&quot;_blank&quot;\">\n\t\t\t<div class=\"elementor-post__thumbnail\"><img decoding=\"async\" width=\"300\" height=\"169\" src=\"https:\/\/soukfellah.webminds.dz\/wp-content\/uploads\/2023\/07\/2-3-300x169.png\" class=\"attachment-medium size-medium wp-image-6003\" alt=\"\" srcset=\"https:\/\/soukfellah.webminds.dz\/wp-content\/uploads\/2023\/07\/2-3-300x169.png 300w, https:\/\/soukfellah.webminds.dz\/wp-content\/uploads\/2023\/07\/2-3-1024x576.png 1024w, https:\/\/soukfellah.webminds.dz\/wp-content\/uploads\/2023\/07\/2-3-768x432.png 768w, https:\/\/soukfellah.webminds.dz\/wp-content\/uploads\/2023\/07\/2-3-18x10.png 18w, https:\/\/soukfellah.webminds.dz\/wp-content\/uploads\/2023\/07\/2-3-600x337.png 600w, https:\/\/soukfellah.webminds.dz\/wp-content\/uploads\/2023\/07\/2-3.png 1366w\" sizes=\"(max-width: 300px) 100vw, 300px\" \/><\/div>\n\t\t<\/a>\n\t\t\t\t<div class=\"elementor-post__text\">\n\t\t\t\t<h3 class=\"elementor-post__title\">\n\t\t\t<a href=\"https:\/\/soukfellah.webminds.dz\/ar\/horticulture\/comment-concevoir-un-jardin-adapte-au-climat-pour-une-resilience-aux-changements-environnementaux\/\" target=\"&quot;_blank&quot;\">\n\t\t\t\tComment Concevoir un Jardin Adapt\u00e9 au Climat pour une R\u00e9silience aux Changements Environnementaux\t\t\t<\/a>\n\t\t<\/h3>\n\t\t\t\t<div class=\"elementor-post__meta-data\">\n\t\t\t\t\t<span class=\"elementor-post-date\">\n\t\t\t\u064a\u0648\u0644\u064a\u0648 10, 2023\t\t<\/span>\n\t\t\t\t<span class=\"elementor-post-avatar\">\n\t\t\t\u0644\u0627 \u062a\u0648\u062c\u062f \u062a\u0639\u0644\u064a\u0642\u0627\u062a\t\t<\/span>\n\t\t\t\t<\/div>\n\t\t\t\t\t<div class=\"elementor-post__read-more-wrapper\">\n\t\t\n\t\t<a class=\"elementor-post__read-more\" href=\"https:\/\/soukfellah.webminds.dz\/ar\/horticulture\/comment-concevoir-un-jardin-adapte-au-climat-pour-une-resilience-aux-changements-environnementaux\/\" aria-label=\"Read more about Comment Concevoir un Jardin Adapt\u00e9 au Climat pour une R\u00e9silience aux Changements Environnementaux\" tabindex=\"-1\" target=\"_blank\">\n\t\t\tLire la suite \u00bb\t\t<\/a>\n\n\t\t\t\t\t<\/div>\n\t\t\t\t<\/div>\n\t\t\t\t<\/article>\n\t\t\t\t<\/div>\n\t\t\t\t\t<span class=\"e-load-more-spinner\">\n\t\t\t\t<i aria-hidden=\"true\" class=\"fas fa-spinner\"><\/i>\t\t\t<\/span>\n\t\t\n\t\t\t\t\t\t<\/div>\n\t\t\t\t<\/div>\n\t\t\t\t\t<\/div>\n\t\t\t\t<\/div>\n\t\t<div class=\"elementor-element elementor-element-1e4df9 e-flex e-con-boxed e-con e-parent\" data-id=\"1e4df9\" data-element_type=\"container\">\n\t\t\t\t\t<div class=\"e-con-inner\">\n\t\t\t\t\t<\/div>\n\t\t\t\t<\/div>\n\t\t\t\t<\/div>","protected":false},"excerpt":{"rendered":"<p>Techniques avanc\u00e9es de culture de plantes ornementales, d\u2019am\u00e9nagement paysager et de cr\u00e9ation de jardins esth\u00e9tiques.<\/p>","protected":false},"author":41,"featured_media":0,"parent":0,"menu_order":0,"comment_status":"closed","ping_status":"closed","template":"","meta":{"_acf_changed":false,"site-sidebar-layout":"no-sidebar","site-content-layout":"page-builder","ast-site-content-layout":"default","site-content-style":"default","site-sidebar-style":"default","ast-global-header-display":"","ast-banner-title-visibility":"","ast-main-header-display":"","ast-hfb-above-header-display":"","ast-hfb-below-header-display":"","ast-hfb-mobile-header-display":"","site-post-title":"disabled","ast-breadcrumbs-content":"","ast-featured-img":"disabled","footer-sml-layout":"","theme-transparent-header-meta":"","adv-header-id-meta":"","stick-header-meta":"","header-above-stick-meta":"","header-main-stick-meta":"","header-below-stick-meta":"","astra-migrate-meta-layouts":"default","ast-page-background-enabled":"default","ast-page-background-meta":{"desktop":{"background-color":"","background-image":"","background-repeat":"repeat","background-position":"center center","background-size":"auto","background-attachment":"scroll","background-type":"","background-media":"","overlay-type":"","overlay-color":"","overlay-opacity":"","overlay-gradient":""},"tablet":{"background-color":"","background-image":"","background-repeat":"repeat","background-position":"center center","background-size":"auto","background-attachment":"scroll","background-type":"","background-media":"","overlay-type":"","overlay-color":"","overlay-opacity":"","overlay-gradient":""},"mobile":{"background-color":"","background-image":"","background-repeat":"repeat","background-position":"center center","background-size":"auto","background-attachment":"scroll","background-type":"","background-media":"","overlay-type":"","overlay-color":"","overlay-opacity":"","overlay-gradient":""}},"ast-content-background-meta":{"desktop":{"background-color":"var(--ast-global-color-5)","background-image":"","background-repeat":"repeat","background-position":"center center","background-size":"auto","background-attachment":"scroll","background-type":"","background-media":"","overlay-type":"","overlay-color":"","overlay-opacity":"","overlay-gradient":""},"tablet":{"background-color":"var(--ast-global-color-5)","background-image":"","background-repeat":"repeat","background-position":"center center","background-size":"auto","background-attachment":"scroll","background-type":"","background-media":"","overlay-type":"","overlay-color":"","overlay-opacity":"","overlay-gradient":""},"mobile":{"background-color":"var(--ast-global-color-5)","background-image":"","background-repeat":"repeat","background-position":"center center","background-size":"auto","background-attachment":"scroll","background-type":"","background-media":"","overlay-type":"","overlay-color":"","overlay-opacity":"","overlay-gradient":""}},"iawp_total_views":0,"footnotes":""},"class_list":["post-5788","page","type-page","status-publish","hentry"],"acf":[],"yoast_head":"<!-- This site is optimized with the Yoast SEO plugin v26.2 - https:\/\/yoast.com\/wordpress\/plugins\/seo\/ -->\n<title>Horticulture - Soukfellah<\/title>\n<meta name=\"robots\" content=\"index, follow, max-snippet:-1, max-image-preview:large, max-video-preview:-1\" \/>\n<link rel=\"canonical\" href=\"https:\/\/soukfellah.webminds.dz\/ar\/horticulture\/\" \/>\n<meta property=\"og:locale\" content=\"ar_AR\" \/>\n<meta property=\"og:type\" content=\"article\" \/>\n<meta property=\"og:title\" content=\"Horticulture - Soukfellah\" \/>\n<meta property=\"og:description\" content=\"Techniques avanc\u00e9es de culture de plantes ornementales, d\u2019am\u00e9nagement paysager et de cr\u00e9ation de jardins esth\u00e9tiques.\" \/>\n<meta property=\"og:url\" content=\"https:\/\/soukfellah.webminds.dz\/ar\/horticulture\/\" \/>\n<meta property=\"og:site_name\" content=\"Soukfellah\" \/>\n<meta property=\"article:publisher\" content=\"https:\/\/www.facebook.com\/Soukfellah213\" \/>\n<meta property=\"article:modified_time\" content=\"2023-07-14T22:52:46+00:00\" \/>\n<meta property=\"og:image\" content=\"https:\/\/soukfellah.webminds.dz\/wp-content\/uploads\/2023\/06\/6-2-1024x576.png\" \/>\n<meta name=\"twitter:card\" content=\"summary_large_image\" \/>\n<meta name=\"twitter:label1\" content=\"\u0648\u0642\u062a \u0627\u0644\u0642\u0631\u0627\u0621\u0629 \u0627\u0644\u0645\u064f\u0642\u062f\u0651\u0631\" \/>\n\t<meta name=\"twitter:data1\" content=\"\u062f\u0642\u064a\u0642\u0629 \u0648\u0627\u062d\u062f\u0629\" \/>\n<script type=\"application\/ld+json\" class=\"yoast-schema-graph\">{\"@context\":\"https:\/\/schema.org\",\"@graph\":[{\"@type\":\"WebPage\",\"@id\":\"https:\/\/soukfellah.webminds.dz\/ar\/horticulture\/\",\"url\":\"https:\/\/soukfellah.webminds.dz\/ar\/horticulture\/\",\"name\":\"Horticulture - Soukfellah\",\"isPartOf\":{\"@id\":\"https:\/\/soukfellah.webminds.dz\/ar\/#website\"},\"primaryImageOfPage\":{\"@id\":\"https:\/\/soukfellah.webminds.dz\/ar\/horticulture\/#primaryimage\"},\"image\":{\"@id\":\"https:\/\/soukfellah.webminds.dz\/ar\/horticulture\/#primaryimage\"},\"thumbnailUrl\":\"https:\/\/soukfellah.webminds.dz\/wp-content\/uploads\/2023\/06\/6-2-1024x576.png\",\"datePublished\":\"2023-06-24T14:09:55+00:00\",\"dateModified\":\"2023-07-14T22:52:46+00:00\",\"breadcrumb\":{\"@id\":\"https:\/\/soukfellah.webminds.dz\/ar\/horticulture\/#breadcrumb\"},\"inLanguage\":\"ar\",\"potentialAction\":[{\"@type\":\"ReadAction\",\"target\":[\"https:\/\/soukfellah.webminds.dz\/ar\/horticulture\/\"]}]},{\"@type\":\"ImageObject\",\"inLanguage\":\"ar\",\"@id\":\"https:\/\/soukfellah.webminds.dz\/ar\/horticulture\/#primaryimage\",\"url\":\"https:\/\/soukfellah.webminds.dz\/wp-content\/uploads\/2023\/06\/6-2-1024x576.png\",\"contentUrl\":\"https:\/\/soukfellah.webminds.dz\/wp-content\/uploads\/2023\/06\/6-2-1024x576.png\"},{\"@type\":\"BreadcrumbList\",\"@id\":\"https:\/\/soukfellah.webminds.dz\/ar\/horticulture\/#breadcrumb\",\"itemListElement\":[{\"@type\":\"ListItem\",\"position\":1,\"name\":\"Accueil\",\"item\":\"https:\/\/soukfellah.webminds.dz\/ar\/\"},{\"@type\":\"ListItem\",\"position\":2,\"name\":\"Horticulture\"}]},{\"@type\":\"WebSite\",\"@id\":\"https:\/\/soukfellah.webminds.dz\/ar\/#website\",\"url\":\"https:\/\/soukfellah.webminds.dz\/ar\/\",\"name\":\"Soukfellah\",\"description\":\"Soukfellah\",\"publisher\":{\"@id\":\"https:\/\/soukfellah.webminds.dz\/ar\/#organization\"},\"potentialAction\":[{\"@type\":\"SearchAction\",\"target\":{\"@type\":\"EntryPoint\",\"urlTemplate\":\"https:\/\/soukfellah.webminds.dz\/ar\/?s={search_term_string}\"},\"query-input\":{\"@type\":\"PropertyValueSpecification\",\"valueRequired\":true,\"valueName\":\"search_term_string\"}}],\"inLanguage\":\"ar\"},{\"@type\":\"Organization\",\"@id\":\"https:\/\/soukfellah.webminds.dz\/ar\/#organization\",\"name\":\"Soukfellah\",\"url\":\"https:\/\/soukfellah.webminds.dz\/ar\/\",\"logo\":{\"@type\":\"ImageObject\",\"inLanguage\":\"ar\",\"@id\":\"https:\/\/soukfellah.webminds.dz\/ar\/#\/schema\/logo\/image\/\",\"url\":\"https:\/\/soukfellah.webminds.dz\/wp-content\/uploads\/2021\/03\/Sans-titre-2.png\",\"contentUrl\":\"https:\/\/soukfellah.webminds.dz\/wp-content\/uploads\/2021\/03\/Sans-titre-2.png\",\"width\":270,\"height\":224,\"caption\":\"Soukfellah\"},\"image\":{\"@id\":\"https:\/\/soukfellah.webminds.dz\/ar\/#\/schema\/logo\/image\/\"},\"sameAs\":[\"https:\/\/www.facebook.com\/Soukfellah213\"]}]}<\/script>\n<!-- \/ Yoast SEO plugin. -->","yoast_head_json":{"title":"Horticulture - Soukfellah","robots":{"index":"index","follow":"follow","max-snippet":"max-snippet:-1","max-image-preview":"max-image-preview:large","max-video-preview":"max-video-preview:-1"},"canonical":"https:\/\/soukfellah.webminds.dz\/ar\/horticulture\/","og_locale":"ar_AR","og_type":"article","og_title":"Horticulture - Soukfellah","og_description":"Techniques avanc\u00e9es de culture de plantes ornementales, d\u2019am\u00e9nagement paysager et de cr\u00e9ation de jardins esth\u00e9tiques.","og_url":"https:\/\/soukfellah.webminds.dz\/ar\/horticulture\/","og_site_name":"Soukfellah","article_publisher":"https:\/\/www.facebook.com\/Soukfellah213","article_modified_time":"2023-07-14T22:52:46+00:00","og_image":[{"url":"https:\/\/soukfellah.webminds.dz\/wp-content\/uploads\/2023\/06\/6-2-1024x576.png","type":"","width":"","height":""}],"twitter_card":"summary_large_image","twitter_misc":{"\u0648\u0642\u062a \u0627\u0644\u0642\u0631\u0627\u0621\u0629 \u0627\u0644\u0645\u064f\u0642\u062f\u0651\u0631":"\u062f\u0642\u064a\u0642\u0629 \u0648\u0627\u062d\u062f\u0629"},"schema":{"@context":"https:\/\/schema.org","@graph":[{"@type":"WebPage","@id":"https:\/\/soukfellah.webminds.dz\/ar\/horticulture\/","url":"https:\/\/soukfellah.webminds.dz\/ar\/horticulture\/","name":"Horticulture - Soukfellah","isPartOf":{"@id":"https:\/\/soukfellah.webminds.dz\/ar\/#website"},"primaryImageOfPage":{"@id":"https:\/\/soukfellah.webminds.dz\/ar\/horticulture\/#primaryimage"},"image":{"@id":"https:\/\/soukfellah.webminds.dz\/ar\/horticulture\/#primaryimage"},"thumbnailUrl":"https:\/\/soukfellah.webminds.dz\/wp-content\/uploads\/2023\/06\/6-2-1024x576.png","datePublished":"2023-06-24T14:09:55+00:00","dateModified":"2023-07-14T22:52:46+00:00","breadcrumb":{"@id":"https:\/\/soukfellah.webminds.dz\/ar\/horticulture\/#breadcrumb"},"inLanguage":"ar","potentialAction":[{"@type":"ReadAction","target":["https:\/\/soukfellah.webminds.dz\/ar\/horticulture\/"]}]},{"@type":"ImageObject","inLanguage":"ar","@id":"https:\/\/soukfellah.webminds.dz\/ar\/horticulture\/#primaryimage","url":"https:\/\/soukfellah.webminds.dz\/wp-content\/uploads\/2023\/06\/6-2-1024x576.png","contentUrl":"https:\/\/soukfellah.webminds.dz\/wp-content\/uploads\/2023\/06\/6-2-1024x576.png"},{"@type":"BreadcrumbList","@id":"https:\/\/soukfellah.webminds.dz\/ar\/horticulture\/#breadcrumb","itemListElement":[{"@type":"ListItem","position":1,"name":"Accueil","item":"https:\/\/soukfellah.webminds.dz\/ar\/"},{"@type":"ListItem","position":2,"name":"Horticulture"}]},{"@type":"WebSite","@id":"https:\/\/soukfellah.webminds.dz\/ar\/#website","url":"https:\/\/soukfellah.webminds.dz\/ar\/","name":"\u0633\u0648\u0642 \u0641\u0644\u0627\u062d","description":"\u0633\u0648\u0642 \u0641\u0644\u0627\u062d","publisher":{"@id":"https:\/\/soukfellah.webminds.dz\/ar\/#organization"},"potentialAction":[{"@type":"SearchAction","target":{"@type":"EntryPoint","urlTemplate":"https:\/\/soukfellah.webminds.dz\/ar\/?s={search_term_string}"},"query-input":{"@type":"PropertyValueSpecification","valueRequired":true,"valueName":"search_term_string"}}],"inLanguage":"ar"},{"@type":"Organization","@id":"https:\/\/soukfellah.webminds.dz\/ar\/#organization","name":"\u0633\u0648\u0642 \u0641\u0644\u0627\u062d","url":"https:\/\/soukfellah.webminds.dz\/ar\/","logo":{"@type":"ImageObject","inLanguage":"ar","@id":"https:\/\/soukfellah.webminds.dz\/ar\/#\/schema\/logo\/image\/","url":"https:\/\/soukfellah.webminds.dz\/wp-content\/uploads\/2021\/03\/Sans-titre-2.png","contentUrl":"https:\/\/soukfellah.webminds.dz\/wp-content\/uploads\/2021\/03\/Sans-titre-2.png","width":270,"height":224,"caption":"Soukfellah"},"image":{"@id":"https:\/\/soukfellah.webminds.dz\/ar\/#\/schema\/logo\/image\/"},"sameAs":["https:\/\/www.facebook.com\/Soukfellah213"]}]}},"_links":{"self":[{"href":"https:\/\/soukfellah.webminds.dz\/ar\/wp-json\/wp\/v2\/pages\/5788","targetHints":{"allow":["GET"]}}],"collection":[{"href":"https:\/\/soukfellah.webminds.dz\/ar\/wp-json\/wp\/v2\/pages"}],"about":[{"href":"https:\/\/soukfellah.webminds.dz\/ar\/wp-json\/wp\/v2\/types\/page"}],"author":[{"embeddable":true,"href":"https:\/\/soukfellah.webminds.dz\/ar\/wp-json\/wp\/v2\/users\/41"}],"replies":[{"embeddable":true,"href":"https:\/\/soukfellah.webminds.dz\/ar\/wp-json\/wp\/v2\/comments?post=5788"}],"version-history":[{"count":13,"href":"https:\/\/soukfellah.webminds.dz\/ar\/wp-json\/wp\/v2\/pages\/5788\/revisions"}],"predecessor-version":[{"id":6050,"href":"https:\/\/soukfellah.webminds.dz\/ar\/wp-json\/wp\/v2\/pages\/5788\/revisions\/6050"}],"wp:attachment":[{"href":"https:\/\/soukfellah.webminds.dz\/ar\/wp-json\/wp\/v2\/media?parent=5788"}],"curies":[{"name":"wp","href":"https:\/\/api.w.org\/{rel}","templated":true}]}}